{"id":223,"date":"2022-01-28T19:43:13","date_gmt":"2022-01-28T18:43:13","guid":{"rendered":"https:\/\/www.koelbl.me\/WP\/?page_id=223"},"modified":"2022-03-14T22:11:56","modified_gmt":"2022-03-14T21:11:56","slug":"impressum","status":"publish","type":"page","link":"https:\/\/www.koelbl.me\/WP\/impressum\/","title":{"rendered":"Impressum"},"content":{"rendered":"<div data-colibri-id=\"223-c1\" class=\"style-1139 style-local-223-c1 position-relative\">\n  <!---->\n  <div data-colibri-component=\"section\" data-colibri-id=\"223-c2\" id=\"about\" class=\"h-section h-section-global-spacing d-flex align-items-lg-center align-items-md-center align-items-center style-1140 style-local-223-c2 position-relative\">\n    <!---->\n    <!---->\n    <div class=\"h-section-grid-container h-section-boxed-container\">\n      <!---->\n      <div data-colibri-id=\"223-c3\" class=\"h-row-container gutters-row-lg-0 gutters-row-md-0 gutters-row-2 gutters-row-v-lg-0 gutters-row-v-md-0 gutters-row-v-0 style-1141 style-local-223-c3 position-relative\">\n        <!---->\n        <div class=\"h-row justify-content-lg-center justify-content-md-center justify-content-center align-items-lg-stretch align-items-md-stretch align-items-stretch gutters-col-lg-0 gutters-col-md-0 gutters-col-2 gutters-col-v-lg-0 gutters-col-v-md-0 gutters-col-v-0\">\n          <!---->\n          <div class=\"h-column h-column-container d-flex h-col-lg-auto h-col-md-auto h-col-auto style-1142-outer style-local-223-c4-outer\">\n            <div data-colibri-id=\"223-c4\" class=\"d-flex h-flex-basis h-column__inner h-px-lg-2 h-px-md-2 h-px-2 v-inner-lg-2 v-inner-md-2 v-inner-2 style-1142 style-local-223-c4 position-relative\">\n              <!---->\n              <!---->\n              <div class=\"w-100 h-y-container h-column__content h-column__v-align flex-basis-100 align-self-lg-center align-self-md-center align-self-center\">\n                <!---->\n                <div data-colibri-id=\"223-c5\" class=\"h-global-transition-all h-heading style-1143 style-local-223-c5 position-relative h-element\">\n                  <!---->\n                  <div class=\"h-heading__outer style-1143 style-local-223-c5\">\n                    <!---->\n                    <!---->\n                    <h2 class=\"\"><span style=\"font-size: 75%;\">Werner <\/span><em style=\"font-family: &quot;Playfair Display&quot;; color: rgb(3, 169, 244); font-size: 75%;\">K\u00f6lbl<\/em><span style=\"font-size: 75%;\"> <br>Hauptstra\u00dfe 89<br>8142 Wundschuh<\/span><\/h2>\n                  <\/div>\n                <\/div>\n                <div data-colibri-id=\"223-c6\" class=\"h-lead h-text h-text-component style-1144 style-local-223-c6 position-relative h-element\">\n                  <!---->\n                  <!---->\n                  <div class=\"\">\n                    <p>www.frisch-vom-bauernhof.at\n                      <br>\n                    <\/p>\n                  <\/div>\n                <\/div>\n                <div data-colibri-id=\"223-c7\" class=\"h-text h-text-component style-1145 style-local-223-c7 position-relative h-element\">\n                  <!---->\n                  <!---->\n                  <div class=\"\">\n                    <p>Fotos: Werner K\u00f6lbl<\/p>\n                  <\/div>\n                <\/div>\n              <\/div>\n            <\/div>\n          <\/div>\n          <div class=\"h-column h-column-container d-flex h-col-lg-auto h-col-md-auto h-col-auto style-1146-outer style-local-223-c8-outer\">\n            <div data-colibri-id=\"223-c8\" class=\"d-flex h-flex-basis h-column__inner h-px-lg-0 h-px-md-0 h-px-2 v-inner-lg-0 v-inner-md-0 v-inner-2 style-1146 style-local-223-c8 position-relative\">\n              <!---->\n              <!---->\n              <div class=\"w-100 h-y-container h-column__content h-column__v-align flex-basis-100 align-self-lg-center align-self-md-center align-self-center\">\n                <!---->\n                <div data-colibri-id=\"223-c13\" class=\"h-icon style-1481 style-local-223-c13 position-relative h-element\">\n                  <!----><span class=\"h-svg-icon h-icon__icon style-1481-icon style-local-223-c13-icon\"><!--Icon by Ionicons (https:\/\/ionicons.com)--><svg version=\"1.1\" xmlns=\"http:\/\/www.w3.org\/2000\/svg\" xmlns:xlink=\"http:\/\/www.w3.org\/1999\/xlink\" id=\"ios-compose\" viewBox=\"0 0 384 512\"><path d=\"M192 320l128-128v240H0V128h256L128 256v64h64zM324 92l32 32-180 180h-32v-32zm56-12c2 3 4 6 4 10s-2 7-4 10l-12 12-21-21-11-11 12-12c3-2 6-4 10-4s7 2 10 4z\"><\/path><\/svg><\/span><\/div>\n              <\/div>\n            <\/div>\n          <\/div>\n        <\/div>\n      <\/div>\n    <\/div>\n  <\/div>\n<\/div>","protected":false},"excerpt":{"rendered":"<p>Werner K\u00f6lbl Hauptstra\u00dfe 898142 Wundschuh www.frisch-vom-bauernhof.at Fotos: Werner K\u00f6lbl<\/p>\n","protected":false},"author":1,"featured_media":0,"parent":0,"menu_order":0,"comment_status":"closed","ping_status":"closed","template":"page-templates\/full-width-page.php","meta":{"footnotes":""},"class_list":["post-223","page","type-page","status-publish","hentry"],"_links":{"self":[{"href":"https:\/\/www.koelbl.me\/WP\/wp-json\/wp\/v2\/pages\/223","targetHints":{"allow":["GET"]}}],"collection":[{"href":"https:\/\/www.koelbl.me\/WP\/wp-json\/wp\/v2\/pages"}],"about":[{"href":"https:\/\/www.koelbl.me\/WP\/wp-json\/wp\/v2\/types\/page"}],"author":[{"embeddable":true,"href":"https:\/\/www.koelbl.me\/WP\/wp-json\/wp\/v2\/users\/1"}],"replies":[{"embeddable":true,"href":"https:\/\/www.koelbl.me\/WP\/wp-json\/wp\/v2\/comments?post=223"}],"version-history":[{"count":4,"href":"https:\/\/www.koelbl.me\/WP\/wp-json\/wp\/v2\/pages\/223\/revisions"}],"predecessor-version":[{"id":1112,"href":"https:\/\/www.koelbl.me\/WP\/wp-json\/wp\/v2\/pages\/223\/revisions\/1112"}],"wp:attachment":[{"href":"https:\/\/www.koelbl.me\/WP\/wp-json\/wp\/v2\/media?parent=223"}],"curies":[{"name":"wp","href":"https:\/\/api.w.org\/{rel}","templated":true}]}}