{"id":468,"date":"2022-02-04T15:13:01","date_gmt":"2022-02-04T14:13:01","guid":{"rendered":"https:\/\/www.koelbl.me\/WP\/?page_id=468"},"modified":"2025-10-20T20:48:53","modified_gmt":"2025-10-20T18:48:53","slug":"erdaepfel","status":"publish","type":"page","link":"https:\/\/www.koelbl.me\/WP\/erdaepfel\/","title":{"rendered":"Erd\u00e4pfel"},"content":{"rendered":"<div data-colibri-id=\"468-c1\" class=\"style-921 style-local-468-c1 position-relative\">\n  <!---->\n  <div data-colibri-component=\"section\" data-colibri-id=\"468-c2\" id=\"about\" class=\"h-section h-section-global-spacing d-flex align-items-lg-center align-items-md-center align-items-center style-1064 style-local-468-c2 position-relative\">\n    <!---->\n    <!---->\n    <div class=\"h-section-grid-container h-section-boxed-container\">\n      <!---->\n      <div data-colibri-id=\"468-c3\" class=\"h-row-container gutters-row-lg-0 gutters-row-md-0 gutters-row-0 gutters-row-v-lg-0 gutters-row-v-md-0 gutters-row-v-0 style-1065 style-local-468-c3 position-relative\">\n        <!---->\n        <div class=\"h-row justify-content-lg-center justify-content-md-center justify-content-center align-items-lg-stretch align-items-md-stretch align-items-stretch gutters-col-lg-0 gutters-col-md-0 gutters-col-0 gutters-col-v-lg-0 gutters-col-v-md-0 gutters-col-v-0\">\n          <!---->\n          <div class=\"h-column h-column-container d-flex h-col-lg-auto h-col-md-auto h-col-auto style-1066-outer style-local-468-c4-outer\">\n            <div data-colibri-id=\"468-c4\" class=\"d-flex h-flex-basis h-column__inner h-px-lg-0 h-px-md-0 h-px-0 v-inner-lg-0 v-inner-md-0 v-inner-0 style-1066 style-local-468-c4 position-relative\">\n              <!---->\n              <!---->\n              <div class=\"w-100 h-y-container h-column__content h-column__v-align flex-basis-100 align-self-lg-start align-self-md-start align-self-start\">\n                <!---->\n                <div data-colibri-id=\"468-c5\" class=\"h-global-transition-all h-heading style-1067 style-local-468-c5 position-relative h-element\">\n                  <!---->\n                  <div class=\"h-heading__outer style-1067 style-local-468-c5\">\n                    <!---->\n                    <!---->\n                    <h5 class=\"\">Was wir bieten:<\/h5>\n                  <\/div>\n                <\/div>\n                <div data-colibri-id=\"468-c6\" class=\"h-global-transition-all h-heading style-1068 style-local-468-c6 position-relative h-element\">\n                  <!---->\n                  <div class=\"h-heading__outer style-1068 style-local-468-c6\">\n                    <!---->\n                    <!---->\n                    <h2 class=\"\"><em style=\"font-weight: 400;\">Verschiedenste Sorten<\/em> Erd\u00e4pfel.<\/h2>\n                  <\/div>\n                <\/div>\n                <div data-colibri-id=\"468-c7\" class=\"h-text h-text-component style-1069 style-local-468-c7 position-relative h-element\">\n                  <!---->\n                  <!---->\n                  <div class=\"\">\n                    <p>Fr\u00fch- bis sp\u00e4treifende, mehlig- bis festkochende Sorten werden bei uns am Hof angepflanzt.&nbsp;<\/p>\n                    <p>Das Kriterium der Sortenauswahl ist bester Geschmack (Feedback der Kunden).<\/p>\n                    <p><span style=\"color: rgb(2, 2, 2);\">Sorten 2025<\/span>: Colomba, Actrice, Ostara, Bintje, Agria, Desiree (rotschalig), Annabelle, Annalena<\/p>\n                    <p>\n                      <br>\n                    <\/p>\n                  <\/div>\n                <\/div>\n              <\/div>\n            <\/div>\n          <\/div>\n          <div class=\"h-column h-column-container d-flex h-col-lg-auto h-col-md-auto h-col-auto style-1070-outer style-local-468-c8-outer\">\n            <div data-colibri-id=\"468-c8\" class=\"d-flex h-flex-basis h-column__inner h-ui-empty-state-container h-px-lg-2 h-px-md-2 h-px-2 v-inner-lg-2 v-inner-md-2 v-inner-2 style-1070 style-local-468-c8 position-relative\">\n              <!---->\n              <!---->\n              <div class=\"w-100 h-y-container h-column__content h-column__v-align flex-basis-100\">\n                <!---->\n              <\/div>\n            <\/div>\n          <\/div>\n        <\/div>\n      <\/div>\n    <\/div>\n  <\/div>\n  <div data-colibri-component=\"section\" data-colibri-id=\"468-c9\" id=\"about-2\" class=\"h-section h-section-global-spacing d-flex align-items-lg-center align-items-md-center align-items-end style-1071 style-local-468-c9 h-overflow-hidden position-relative\">\n    <div class=\"background-wrapper\">\n      <div class=\"background-layer background-layer-media-container-lg\">\n        <!---->\n        <div class=\"overlay-layer\">\n          <div class=\"overlay-image-layer\" style=\"background-image: linear-gradient(90deg, rgba(255, 255, 255, 0.5) 0%, rgb(255, 255, 255) 45%);\"><\/div>\n        <\/div>\n      <\/div>\n      <div class=\"background-layer background-layer-media-container-md\">\n        <!---->\n        <div class=\"overlay-layer\">\n          <div class=\"overlay-image-layer\" style=\"background-image: linear-gradient(90deg, rgba(255, 255, 255, 0.5) 0%, rgb(255, 255, 255) 45%);\"><\/div>\n        <\/div>\n      <\/div>\n      <div class=\"background-layer background-layer-media-container\">\n        <!---->\n        <div class=\"overlay-layer\">\n          <div class=\"overlay-image-layer\" style=\"background-image: linear-gradient(90deg, rgba(255, 255, 255, 0.5) 0%, rgb(255, 255, 255) 45%);\"><\/div>\n        <\/div>\n      <\/div>\n    <\/div>\n    <!---->\n    <div class=\"h-section-grid-container h-section-boxed-container\">\n      <!---->\n      <div data-colibri-id=\"468-c10\" class=\"h-row-container gutters-row-lg-0 gutters-row-md-0 gutters-row-2 gutters-row-v-lg-0 gutters-row-v-md-0 gutters-row-v-0 style-1072 style-local-468-c10 position-relative\">\n        <!---->\n        <div class=\"h-row justify-content-lg-end justify-content-md-end justify-content-center align-items-lg-stretch align-items-md-stretch align-items-stretch gutters-col-lg-0 gutters-col-md-0 gutters-col-2 gutters-col-v-lg-0 gutters-col-v-md-0 gutters-col-v-0\">\n          <!---->\n          <div class=\"h-column h-column-container d-flex h-col-lg-auto h-col-md-auto h-col-auto style-1073-outer style-local-468-c11-outer\">\n            <div data-colibri-id=\"468-c11\" class=\"d-flex h-flex-basis h-column__inner h-px-lg-2 h-px-md-2 h-px-0 v-inner-lg-2 v-inner-md-2 v-inner-0 style-1073 style-local-468-c11 position-relative\">\n              <!---->\n              <!---->\n              <div class=\"w-100 h-y-container h-column__content h-column__v-align flex-basis-100 align-self-lg-end align-self-md-end align-self-end\">\n                <!---->\n                <div data-colibri-id=\"468-c12\" class=\"h-global-transition-all h-heading style-1074 style-local-468-c12 position-relative h-element\">\n                  <!---->\n                  <div class=\"h-heading__outer style-1074 style-local-468-c12\">\n                    <!---->\n                    <!---->\n                    <h2 class=\"\">Die <em style=\"font-weight: 400;\">Lagerung<\/em> der Erd\u00e4pfel erfolgt in Gro\u00dfkisten.<\/h2>\n                  <\/div>\n                <\/div>\n                <div data-colibri-id=\"468-c13\" class=\"h-text h-text-component style-1075 style-local-468-c13 position-relative h-element\">\n                  <!---->\n                  <!---->\n                  <div class=\"\">\n                    <p>Mit frischer, k\u00fchler Aussenluft&nbsp;wird das Lager temperiert. Mittels eines automatisch gesteuerten Generators wird eine k\u00fcnstliche Ethylen-Atomosph\u00e4re (in einer f\u00fcr Mensch, Tier und Umwelt ungef\u00e4hrliche Konzentration) erzeugt. Dies\n                      verhindert die Alterung und Keimung der Erd\u00e4pfel weitgehend. Ethylen entsteht auch z. b. bei der Lagerung von \u00c4pfel, hat keinen Einflu\u00df auf den Geschmack der Erd\u00e4pfel und ist absolut unbedenklich und wird in Biobetrieben eingesetzt.\n                      Nebenbei ist eine solche Lagerung wesentlich weniger energieaufw\u00e4ndig als eine K\u00fchlung mit elektrischen K\u00fchlmaschinen und senkt die CO\n                      <sub>2 <\/sub>Bilanz erheblich.<\/p>\n                  <\/div>\n                <\/div>\n              <\/div>\n            <\/div>\n          <\/div>\n        <\/div>\n      <\/div>\n    <\/div>\n  <\/div>\n<\/div>","protected":false},"excerpt":{"rendered":"<p>Was wir bieten: Verschiedenste Sorten Erd\u00e4pfel. Fr\u00fch- bis sp\u00e4treifende, mehlig- bis festkochende Sorten werden bei uns am Hof angepflanzt.&nbsp; Das Kriterium der Sortenauswahl ist bester Geschmack (Feedback der Kunden). Sorten 2025: Colomba, Actrice, Ostara, Bintje, Agria, Desiree (rotschalig), Annabelle, Annalena Die Lagerung der Erd\u00e4pfel erfolgt in Gro\u00dfkisten. Mit frischer, k\u00fchler Aussenluft&nbsp;wird das Lager temperiert. Mittels [&hellip;]<\/p>\n","protected":false},"author":1,"featured_media":0,"parent":0,"menu_order":0,"comment_status":"closed","ping_status":"open","template":"page-templates\/full-width-page.php","meta":{"footnotes":""},"class_list":["post-468","page","type-page","status-publish","hentry"],"_links":{"self":[{"href":"https:\/\/www.koelbl.me\/WP\/wp-json\/wp\/v2\/pages\/468","targetHints":{"allow":["GET"]}}],"collection":[{"href":"https:\/\/www.koelbl.me\/WP\/wp-json\/wp\/v2\/pages"}],"about":[{"href":"https:\/\/www.koelbl.me\/WP\/wp-json\/wp\/v2\/types\/page"}],"author":[{"embeddable":true,"href":"https:\/\/www.koelbl.me\/WP\/wp-json\/wp\/v2\/users\/1"}],"replies":[{"embeddable":true,"href":"https:\/\/www.koelbl.me\/WP\/wp-json\/wp\/v2\/comments?post=468"}],"version-history":[{"count":19,"href":"https:\/\/www.koelbl.me\/WP\/wp-json\/wp\/v2\/pages\/468\/revisions"}],"predecessor-version":[{"id":1960,"href":"https:\/\/www.koelbl.me\/WP\/wp-json\/wp\/v2\/pages\/468\/revisions\/1960"}],"wp:attachment":[{"href":"https:\/\/www.koelbl.me\/WP\/wp-json\/wp\/v2\/media?parent=468"}],"curies":[{"name":"wp","href":"https:\/\/api.w.org\/{rel}","templated":true}]}}