{"id":517,"date":"2022-02-04T21:01:12","date_gmt":"2022-02-04T20:01:12","guid":{"rendered":"https:\/\/www.koelbl.me\/WP\/?page_id=517"},"modified":"2022-03-18T22:34:18","modified_gmt":"2022-03-18T21:34:18","slug":"kuerbiskernoel","status":"publish","type":"page","link":"https:\/\/www.koelbl.me\/WP\/kuerbiskernoel\/","title":{"rendered":"K\u00fcrbiskern\u00f6l"},"content":{"rendered":"<div data-colibri-id=\"517-c1\" class=\"style-945 style-local-517-c1 position-relative\">\n  <!---->\n  <div data-colibri-component=\"section\" data-colibri-id=\"517-c2\" id=\"about\" class=\"h-section h-section-global-spacing d-flex align-items-lg-center align-items-md-center align-items-center style-955 style-local-517-c2 position-relative\">\n    <!---->\n    <!---->\n    <div class=\"h-section-grid-container h-section-boxed-container\">\n      <!---->\n      <div data-colibri-id=\"517-c3\" class=\"h-row-container gutters-row-lg-0 gutters-row-md-0 gutters-row-0 gutters-row-v-lg-0 gutters-row-v-md-0 gutters-row-v-0 style-956 style-local-517-c3 position-relative\">\n        <!---->\n        <div class=\"h-row justify-content-lg-center justify-content-md-center justify-content-center align-items-lg-stretch align-items-md-stretch align-items-stretch gutters-col-lg-0 gutters-col-md-0 gutters-col-0 gutters-col-v-lg-0 gutters-col-v-md-0 gutters-col-v-0\">\n          <!---->\n          <div class=\"h-column h-column-container d-flex h-col-lg-auto h-col-md-auto h-col-auto style-957-outer style-local-517-c4-outer\">\n            <div data-colibri-id=\"517-c4\" class=\"d-flex h-flex-basis h-column__inner h-px-lg-0 h-px-md-0 h-px-0 v-inner-lg-0 v-inner-md-0 v-inner-0 style-957 style-local-517-c4 position-relative\">\n              <!---->\n              <!---->\n              <div class=\"w-100 h-y-container h-column__content h-column__v-align flex-basis-100 align-self-lg-start align-self-md-center align-self-start\">\n                <!---->\n                <div data-colibri-id=\"517-c5\" class=\"h-global-transition-all h-heading style-958 style-local-517-c5 position-relative h-element\">\n                  <!---->\n                  <div class=\"h-heading__outer style-958 style-local-517-c5\">\n                    <!---->\n                    <!---->\n                    <h5 class=\"\">Allgemein:<\/h5>\n                  <\/div>\n                <\/div>\n                <div data-colibri-id=\"517-c6\" class=\"h-global-transition-all h-heading style-959 style-local-517-c6 position-relative h-element\">\n                  <!---->\n                  <div class=\"h-heading__outer style-959 style-local-517-c6\">\n                    <!---->\n                    <!---->\n                    <h2 class=\"\"><span style=\"font-size: 88%; font-weight: 300;\">Das <\/span><em style=\"font-size: 88%; font-weight: 300; font-family: &quot;Playfair Display&quot;;\">steirische K\u00fcrbiskern\u00f6l ggA.<\/em><span style=\"font-size: 88%; font-weight: 300;\"> wird aus den Kernen des <\/span>\n                      <em\n                        style=\"font-size: 88%; font-weight: 300; font-family: &quot;Playfair Display&quot;;\">schalenlosen<\/em><span style=\"font-size: 88%; font-weight: 300; font-family: &quot;Playfair Display&quot;;\">, <\/span><em style=\"font-size: 88%; font-weight: 300; font-family: &quot;Playfair Display&quot;;\">steirischen \u00d6lk\u00fcrbis<\/em>\n                        <span\n                          style=\"font-size: 88%; font-weight: 300;\"> (Cucurbita pepo) gewonnen.<\/span>\n                    <\/h2>\n                  <\/div>\n                <\/div>\n                <div data-colibri-id=\"517-c7\" class=\"h-text h-text-component style-960 style-local-517-c7 position-relative h-element\">\n                  <!---->\n                  <!---->\n                  <div class=\"\">\n                    <p>Die Kerne werden im Herbst aus den reifen, gelb-gr\u00fcnen, gestreiften K\u00fcrbissen geerntet und anschlie\u00dfend gewaschen und getrocknet.<\/p>\n                  <\/div>\n                <\/div>\n              <\/div>\n            <\/div>\n          <\/div>\n          <div class=\"h-column h-column-container d-flex h-col-lg-auto h-col-md-auto h-col-auto style-961-outer style-local-517-c8-outer\">\n            <div data-colibri-id=\"517-c8\" class=\"d-flex h-flex-basis h-column__inner h-ui-empty-state-container h-px-lg-2 h-px-md-2 h-px-2 v-inner-lg-2 v-inner-md-2 v-inner-2 style-961 style-local-517-c8 position-relative\">\n              <div class=\"background-wrapper\">\n                <div class=\"background-layer background-layer-media-container-lg\">\n                  <div data-slide-duration=\"5000\" data-slide-speed=\"1000\" data-colibri-component=\"slideshow\" class=\"background-layer colibri-slideshow\" model-id=\"517-c8\" media=\"desktop\">\n                    <div class=\"slideshow-image\" style=\"background-image: url(&quot;https:\/\/www.koelbl.me\/WP\/wp-content\/uploads\/2022\/01\/cropped-kuerbis-bluete2-scaled-1.jpg&quot;); visibility: visible; z-index: 3; opacity: 0; transition: opacity 1000ms calc(4000ms);\"><\/div>\n                    <div class=\"slideshow-image\" style=\"background-image: url(&quot;https:\/\/www.koelbl.me\/WP\/wp-content\/uploads\/2022\/01\/cropped-kuerbisfeld-herbst00001-scaled-1.jpg&quot;); z-index: 2;\"><\/div>\n                    <div class=\"slideshow-image\" style=\"background-image: url(&quot;https:\/\/www.koelbl.me\/WP\/wp-content\/uploads\/2022\/01\/cropped-eYzQexBzQZn1OisbC0U2g_thumb_45b0.jpg&quot;);\"><\/div>\n                    <div class=\"slideshow-image\" style=\"background-image: url(&quot;https:\/\/www.koelbl.me\/WP\/wp-content\/uploads\/2022\/03\/cropped-Goldplakette-2022.jpg&quot;);\"><\/div>\n                  <\/div>\n                <\/div>\n                <div class=\"background-layer background-layer-media-container-md\">\n                  <div data-slide-duration=\"5000\" data-slide-speed=\"1000\" data-colibri-component=\"slideshow\" class=\"background-layer colibri-slideshow\" model-id=\"517-c8\" media=\"tablet\">\n                    <div class=\"slideshow-image\" style=\"background-image: url(&quot;https:\/\/www.koelbl.me\/WP\/wp-content\/uploads\/2022\/01\/cropped-kuerbis-bluete2-scaled-1.jpg&quot;); visibility: visible; z-index: 3; opacity: 0; transition: opacity 1000ms calc(4000ms);\"><\/div>\n                    <div class=\"slideshow-image\" style=\"background-image: url(&quot;https:\/\/www.koelbl.me\/WP\/wp-content\/uploads\/2022\/01\/cropped-kuerbisfeld-herbst00001-scaled-1.jpg&quot;); z-index: 2;\"><\/div>\n                    <div class=\"slideshow-image\" style=\"background-image: url(&quot;https:\/\/www.koelbl.me\/WP\/wp-content\/uploads\/2022\/01\/cropped-eYzQexBzQZn1OisbC0U2g_thumb_45b0.jpg&quot;);\"><\/div>\n                    <div class=\"slideshow-image\" style=\"background-image: url(&quot;https:\/\/www.koelbl.me\/WP\/wp-content\/uploads\/2022\/03\/cropped-Goldplakette-2022.jpg&quot;);\"><\/div>\n                  <\/div>\n                <\/div>\n                <div class=\"background-layer background-layer-media-container\">\n                  <div data-slide-duration=\"5000\" data-slide-speed=\"1000\" data-colibri-component=\"slideshow\" class=\"background-layer colibri-slideshow\" model-id=\"517-c8\" media=\"mobile\">\n                    <div class=\"slideshow-image\" style=\"background-image: url(&quot;https:\/\/www.koelbl.me\/WP\/wp-content\/uploads\/2022\/01\/cropped-kuerbis-bluete2-scaled-1.jpg&quot;); visibility: visible; z-index: 3; opacity: 0; transition: opacity 1000ms calc(4000ms);\"><\/div>\n                    <div class=\"slideshow-image\" style=\"background-image: url(&quot;https:\/\/www.koelbl.me\/WP\/wp-content\/uploads\/2022\/01\/cropped-kuerbisfeld-herbst00001-scaled-1.jpg&quot;); z-index: 2;\"><\/div>\n                    <div class=\"slideshow-image\" style=\"background-image: url(&quot;https:\/\/www.koelbl.me\/WP\/wp-content\/uploads\/2022\/01\/cropped-eYzQexBzQZn1OisbC0U2g_thumb_45b0.jpg&quot;);\"><\/div>\n                    <div class=\"slideshow-image\" style=\"background-image: url(&quot;https:\/\/www.koelbl.me\/WP\/wp-content\/uploads\/2022\/03\/cropped-Goldplakette-2022.jpg&quot;);\"><\/div>\n                  <\/div>\n                <\/div>\n              <\/div>\n              <!---->\n              <div class=\"w-100 h-y-container h-column__content h-column__v-align flex-basis-100\">\n                <!---->\n              <\/div>\n            <\/div>\n          <\/div>\n        <\/div>\n      <\/div>\n    <\/div>\n  <\/div>\n  <div data-colibri-component=\"section\" data-colibri-id=\"517-c9\" id=\"about-2\" class=\"h-section h-section-global-spacing d-flex align-items-lg-center align-items-md-center align-items-center style-962 style-local-517-c9 position-relative\">\n    <!---->\n    <!---->\n    <div class=\"h-section-grid-container h-section-boxed-container\">\n      <!---->\n      <div data-colibri-id=\"517-c10\" class=\"h-row-container gutters-row-lg-0 gutters-row-md-0 gutters-row-0 gutters-row-v-lg-0 gutters-row-v-md-0 gutters-row-v-0 style-963 style-local-517-c10 position-relative\">\n        <!---->\n        <div class=\"h-row justify-content-lg-center justify-content-md-center justify-content-center align-items-lg-stretch align-items-md-stretch align-items-stretch gutters-col-lg-0 gutters-col-md-0 gutters-col-0 gutters-col-v-lg-0 gutters-col-v-md-0 gutters-col-v-0\">\n          <!---->\n          <div class=\"h-column h-column-container d-flex h-col-lg-auto h-col-md-auto h-col-auto style-964-outer style-local-517-c11-outer\">\n            <div data-colibri-id=\"517-c11\" class=\"d-flex h-flex-basis h-column__inner h-ui-empty-state-container h-px-lg-0 h-px-md-0 h-px-0 v-inner-lg-0 v-inner-md-0 v-inner-0 style-964 style-local-517-c11 position-relative\">\n              <div class=\"background-wrapper\">\n                <div class=\"background-layer background-layer-media-container-lg\">\n                  <div data-slide-duration=\"5000\" data-slide-speed=\"1000\" data-colibri-component=\"slideshow\" class=\"background-layer colibri-slideshow\" model-id=\"517-c11\" media=\"desktop\">\n                    <div class=\"slideshow-image\" style=\"background-image: url(&quot;https:\/\/www.koelbl.me\/WP\/wp-content\/uploads\/2022\/02\/cropped-2022-046-scaled-1.jpg&quot;); visibility: visible; z-index: 3; opacity: 0; transition: opacity 1000ms calc(4000ms);\"><\/div>\n                    <div class=\"slideshow-image\" style=\"background-image: url(&quot;https:\/\/www.koelbl.me\/WP\/wp-content\/uploads\/2022\/02\/2022-053-scaled.jpg&quot;); z-index: 2;\"><\/div>\n                    <div class=\"slideshow-image\" style=\"background-image: url(&quot;https:\/\/www.koelbl.me\/WP\/wp-content\/uploads\/2022\/02\/2022-055-scaled.jpg&quot;);\"><\/div>\n                  <\/div>\n                <\/div>\n                <div class=\"background-layer background-layer-media-container-md\">\n                  <div data-slide-duration=\"5000\" data-slide-speed=\"1000\" data-colibri-component=\"slideshow\" class=\"background-layer colibri-slideshow\" model-id=\"517-c11\" media=\"tablet\">\n                    <div class=\"slideshow-image\" style=\"background-image: url(&quot;https:\/\/www.koelbl.me\/WP\/wp-content\/uploads\/2022\/02\/cropped-2022-046-scaled-1.jpg&quot;); visibility: visible; z-index: 3; opacity: 0; transition: opacity 1000ms calc(4000ms);\"><\/div>\n                    <div class=\"slideshow-image\" style=\"background-image: url(&quot;https:\/\/www.koelbl.me\/WP\/wp-content\/uploads\/2022\/02\/2022-053-scaled.jpg&quot;); z-index: 2;\"><\/div>\n                    <div class=\"slideshow-image\" style=\"background-image: url(&quot;https:\/\/www.koelbl.me\/WP\/wp-content\/uploads\/2022\/02\/2022-055-scaled.jpg&quot;);\"><\/div>\n                  <\/div>\n                <\/div>\n                <div class=\"background-layer background-layer-media-container\">\n                  <div data-slide-duration=\"5000\" data-slide-speed=\"1000\" data-colibri-component=\"slideshow\" class=\"background-layer colibri-slideshow\" model-id=\"517-c11\" media=\"mobile\">\n                    <div class=\"slideshow-image\" style=\"background-image: url(&quot;https:\/\/www.koelbl.me\/WP\/wp-content\/uploads\/2022\/02\/cropped-2022-046-scaled-1.jpg&quot;); visibility: visible; z-index: 3; opacity: 0; transition: opacity 1000ms calc(4000ms);\"><\/div>\n                    <div class=\"slideshow-image\" style=\"background-image: url(&quot;https:\/\/www.koelbl.me\/WP\/wp-content\/uploads\/2022\/02\/2022-053-scaled.jpg&quot;); z-index: 2;\"><\/div>\n                    <div class=\"slideshow-image\" style=\"background-image: url(&quot;https:\/\/www.koelbl.me\/WP\/wp-content\/uploads\/2022\/02\/2022-055-scaled.jpg&quot;);\"><\/div>\n                  <\/div>\n                <\/div>\n              <\/div>\n              <!---->\n              <div class=\"w-100 h-y-container h-column__content h-column__v-align flex-basis-100\">\n                <!---->\n              <\/div>\n            <\/div>\n          <\/div>\n          <div class=\"h-column h-column-container d-flex h-col-lg-auto h-col-md-auto h-col-auto style-965-outer style-local-517-c12-outer\">\n            <div data-colibri-id=\"517-c12\" class=\"d-flex h-flex-basis h-column__inner h-px-lg-2 h-px-md-2 h-px-2 v-inner-lg-2 v-inner-md-2 v-inner-2 style-965 style-local-517-c12 position-relative\">\n              <!---->\n              <!---->\n              <div class=\"w-100 h-y-container h-column__content h-column__v-align flex-basis-100 align-self-lg-start align-self-md-start align-self-start\">\n                <!---->\n                <div data-colibri-id=\"517-c13\" class=\"h-global-transition-all h-heading style-967 style-local-517-c13 position-relative h-element\">\n                  <!---->\n                  <div class=\"h-heading__outer style-967 style-local-517-c13\">\n                    <!---->\n                    <!---->\n                    <h2 class=\"\"><span style=\"font-size: 75%;\">Das K\u00fcrbiskern\u00f6l wird nach einem <\/span><em style=\"font-size: 75%; font-family: &quot;Playfair Display&quot;;\">alten, speziellen Verfahren<\/em><span style=\"font-size: 75%;\"> bei dem die Kerne gemahlen, ger\u00f6stet und schlie\u00dflich gepresst werden, hergestellt.<\/span><\/h2>\n                  <\/div>\n                <\/div>\n                <div data-colibri-id=\"517-c14\" class=\"h-text h-text-component style-968 style-local-517-c14 position-relative h-element\">\n                  <!---->\n                  <!---->\n                  <div class=\"\">\n                    <p>Es hat eine dunkelgr\u00fcne Farbe und einen charakteristischen, leicht nussigen Geschmack.<\/p>\n                    <p>Die mehrfach unges\u00e4ttigten Fetts\u00e4uren, hoher Gehalt an Vitamin E und sonstige wertvolle Inhaltsstoffe machen das \u00d6l zu einem wertvollen Lebensmittel. K\u00fcrbiskern\u00f6l ist cholesterinfrei und gilt als kalt gepresstes \u00d6l.<\/p>\n                    <p>\n                      <br>\n                    <\/p>\n                  <\/div>\n                <\/div>\n              <\/div>\n            <\/div>\n          <\/div>\n        <\/div>\n      <\/div>\n    <\/div>\n  <\/div>\n  <div data-colibri-component=\"section\" data-colibri-id=\"517-c15\" id=\"about-3\" class=\"h-section h-section-global-spacing d-flex align-items-lg-center align-items-md-center align-items-end style-969 style-local-517-c15 h-overflow-hidden position-relative\">\n    <div class=\"background-wrapper\">\n      <div class=\"background-layer background-layer-media-container-lg\">\n        <!---->\n        <div class=\"overlay-layer\">\n          <div class=\"overlay-image-layer\" style=\"background-color: rgb(0, 0, 0); opacity: 0.23;\"><\/div>\n        <\/div>\n      <\/div>\n      <div class=\"background-layer background-layer-media-container-md\">\n        <!---->\n        <div class=\"overlay-layer\">\n          <div class=\"overlay-image-layer\" style=\"background-color: rgb(0, 0, 0); opacity: 0.23;\"><\/div>\n        <\/div>\n      <\/div>\n      <div class=\"background-layer background-layer-media-container\">\n        <!---->\n        <div class=\"overlay-layer\">\n          <div class=\"overlay-image-layer\" style=\"background-color: rgb(0, 0, 0); opacity: 0.23;\"><\/div>\n        <\/div>\n      <\/div>\n    <\/div>\n    <!---->\n    <div class=\"h-section-grid-container h-section-boxed-container\">\n      <!---->\n      <div data-colibri-id=\"517-c16\" class=\"h-row-container gutters-row-lg-0 gutters-row-md-0 gutters-row-2 gutters-row-v-lg-0 gutters-row-v-md-0 gutters-row-v-0 style-970 style-local-517-c16 position-relative\">\n        <!---->\n        <div class=\"h-row justify-content-lg-end justify-content-md-end justify-content-center align-items-lg-stretch align-items-md-stretch align-items-stretch gutters-col-lg-0 gutters-col-md-0 gutters-col-2 gutters-col-v-lg-0 gutters-col-v-md-0 gutters-col-v-0\">\n          <!---->\n          <div class=\"h-column h-column-container d-flex h-col-lg-auto h-col-md-auto h-col-auto style-971-outer style-local-517-c17-outer\">\n            <div data-colibri-id=\"517-c17\" class=\"d-flex h-flex-basis h-column__inner h-px-lg-2 h-px-md-2 h-px-0 v-inner-lg-2 v-inner-md-2 v-inner-0 style-971 style-local-517-c17 position-relative\">\n              <!---->\n              <!---->\n              <div class=\"w-100 h-y-container h-column__content h-column__v-align flex-basis-100 align-self-lg-end align-self-md-end align-self-end\">\n                <!---->\n                <div data-colibri-id=\"517-c18\" class=\"h-global-transition-all h-heading style-972 style-local-517-c18 position-relative h-element\">\n                  <!---->\n                  <div class=\"h-heading__outer style-972 style-local-517-c18\">\n                    <!---->\n                    <!---->\n                    <h2 class=\"\"><span style=\"font-size: 75%;\">Was bedeutet <\/span><em style=\"font-size: 75%; font-family: &quot;Playfair Display&quot;;\">Steirisches K\u00fcrbiskern\u00f6l ggA.<\/em><span style=\"font-size: 75%;\"> (gesch\u00fctzte geographische Angabe):<\/span><\/h2>\n                  <\/div>\n                <\/div>\n                <div data-colibri-id=\"517-c19\" class=\"h-text h-text-component style-973 style-local-517-c19 position-relative h-element\">\n                  <!---->\n                  <!---->\n                  <div class=\"\">\n                    <p>* Gesicherte Herkunft der K\u00fcrbiskerne<\/p>\n                    <p>* K\u00fcrbiskern\u00f6l in heimischen \u00d6lpressen hergestellt<\/p>\n                    <p>* 100% reines K\u00fcrbiskern\u00f6l aus der Erstpressung<\/p>\n                    <p>\n                      <br>\n                    <\/p>\n                    <p>Als Erkennungszeichen dient diese Banderole. Mit ihr und der aufgedruckten Kontrollnummer ist eine g\u00e4nzliche R\u00fcckverfolgung vom Anbau bis zur Abf\u00fcllung m\u00f6glich.<\/p>\n                  <\/div>\n                <\/div>\n              <\/div>\n            <\/div>\n          <\/div>\n        <\/div>\n      <\/div>\n    <\/div>\n  <\/div>\n  <div data-colibri-component=\"section\" data-colibri-id=\"517-c20\" id=\"custom\" class=\"h-section h-section-global-spacing d-flex align-items-lg-center align-items-md-center align-items-center style-983 style-local-517-c20 position-relative\">\n    <!---->\n    <!---->\n    <div class=\"h-section-grid-container h-section-boxed-container\">\n      <!---->\n      <div data-colibri-id=\"517-c21\" class=\"h-row-container gutters-row-lg-2 gutters-row-md-2 gutters-row-0 gutters-row-v-lg-2 gutters-row-v-md-2 gutters-row-v-2 style-986 style-local-517-c21 position-relative\">\n        <!---->\n        <div class=\"h-row justify-content-lg-center justify-content-md-center justify-content-center align-items-lg-stretch align-items-md-stretch align-items-stretch gutters-col-lg-2 gutters-col-md-2 gutters-col-0 gutters-col-v-lg-2 gutters-col-v-md-2 gutters-col-v-2\">\n          <!---->\n          <div class=\"h-column h-column-container d-flex h-col-lg-auto h-col-md-auto h-col-auto style-987-outer style-local-517-c22-outer\">\n            <div data-colibri-id=\"517-c22\" class=\"d-flex h-flex-basis h-column__inner h-px-lg-2 h-px-md-2 h-px-2 v-inner-lg-2 v-inner-md-2 v-inner-2 style-987 style-local-517-c22 position-relative\">\n              <!---->\n              <!---->\n              <div class=\"w-100 h-y-container h-column__content h-column__v-align flex-basis-100 align-self-lg-start align-self-md-start align-self-start\">\n                <!---->\n                <div data-colibri-id=\"517-c23\" class=\"h-text h-text-component style-988 style-local-517-c23 position-relative h-element\">\n                  <!---->\n                  <!---->\n                  <div class=\"\">\n                    <h2><strong style=\"font-weight: 300;\"><em>Lagerung:<\/em><\/strong><\/h2>\n                    <p>&nbsp;<\/p>\n                    <p>Das K\u00fcrbiskern\u00f6l sollte in\n                      <u style=\"font-weight: 600;\">&nbsp;<\/u><em style=\"font-weight: 600;\"><u>lichtgesch\u00fctzten, dunklen Flaschen<\/u><\/em> und bei <em style=\"font-weight: 600;\"><u>normaler Raumtemperatur<\/u><\/em> gelagert werden. Die Haltbarkeit betr\u00e4gt mindestens neun Monate.<\/p>\n                    <p>Direkte Sonneneinstrahlung macht das Kern\u00f6l innerhalb k\u00fcrzester Zeit bitter (Abbauprozess &#8211; Vorsicht beim Essen im Freien). Sonnenlicht entfernt Flecken auf Kleidung und Tischw\u00e4sche.<\/p>\n                    <p>\n                      <br>\n                    <\/p>\n                  <\/div>\n                <\/div>\n              <\/div>\n            <\/div>\n          <\/div>\n        <\/div>\n      <\/div>\n    <\/div>\n  <\/div>\n<\/div>","protected":false},"excerpt":{"rendered":"<p>Allgemein: Das steirische K\u00fcrbiskern\u00f6l ggA. wird aus den Kernen des schalenlosen, steirischen \u00d6lk\u00fcrbis (Cucurbita pepo) gewonnen. Die Kerne werden im Herbst aus den reifen, gelb-gr\u00fcnen, gestreiften K\u00fcrbissen geerntet und anschlie\u00dfend gewaschen und getrocknet. Das K\u00fcrbiskern\u00f6l wird nach einem alten, speziellen Verfahren bei dem die Kerne gemahlen, ger\u00f6stet und schlie\u00dflich gepresst werden, hergestellt. Es hat eine [&hellip;]<\/p>\n","protected":false},"author":1,"featured_media":0,"parent":0,"menu_order":0,"comment_status":"closed","ping_status":"closed","template":"page-templates\/full-width-page.php","meta":{"footnotes":""},"class_list":["post-517","page","type-page","status-publish","hentry"],"_links":{"self":[{"href":"https:\/\/www.koelbl.me\/WP\/wp-json\/wp\/v2\/pages\/517","targetHints":{"allow":["GET"]}}],"collection":[{"href":"https:\/\/www.koelbl.me\/WP\/wp-json\/wp\/v2\/pages"}],"about":[{"href":"https:\/\/www.koelbl.me\/WP\/wp-json\/wp\/v2\/types\/page"}],"author":[{"embeddable":true,"href":"https:\/\/www.koelbl.me\/WP\/wp-json\/wp\/v2\/users\/1"}],"replies":[{"embeddable":true,"href":"https:\/\/www.koelbl.me\/WP\/wp-json\/wp\/v2\/comments?post=517"}],"version-history":[{"count":17,"href":"https:\/\/www.koelbl.me\/WP\/wp-json\/wp\/v2\/pages\/517\/revisions"}],"predecessor-version":[{"id":1380,"href":"https:\/\/www.koelbl.me\/WP\/wp-json\/wp\/v2\/pages\/517\/revisions\/1380"}],"wp:attachment":[{"href":"https:\/\/www.koelbl.me\/WP\/wp-json\/wp\/v2\/media?parent=517"}],"curies":[{"name":"wp","href":"https:\/\/api.w.org\/{rel}","templated":true}]}}