{"id":525,"date":"2022-02-04T21:42:59","date_gmt":"2022-02-04T20:42:59","guid":{"rendered":"https:\/\/www.koelbl.me\/WP\/?page_id=525"},"modified":"2022-03-31T19:22:29","modified_gmt":"2022-03-31T17:22:29","slug":"suesskartoffeln","status":"publish","type":"page","link":"https:\/\/www.koelbl.me\/WP\/suesskartoffeln\/","title":{"rendered":"S\u00fc\u00dfkartoffeln"},"content":{"rendered":"<div data-colibri-id=\"525-c1\" class=\"style-989 style-local-525-c1 position-relative\">\n  <!---->\n  <div data-colibri-component=\"section\" data-colibri-id=\"525-c2\" id=\"about\" class=\"h-section h-section-global-spacing d-flex align-items-lg-center align-items-md-center align-items-center style-990 style-local-525-c2 position-relative\">\n    <!---->\n    <!---->\n    <div class=\"h-section-grid-container h-section-boxed-container\">\n      <!---->\n      <div data-colibri-id=\"525-c3\" class=\"h-row-container gutters-row-lg-2 gutters-row-md-2 gutters-row-2 gutters-row-v-lg-2 gutters-row-v-md-2 gutters-row-v-2 style-991 style-local-525-c3 position-relative\">\n        <!---->\n        <div class=\"h-row justify-content-lg-center justify-content-md-center justify-content-center align-items-lg-stretch align-items-md-stretch align-items-stretch gutters-col-lg-2 gutters-col-md-2 gutters-col-2 gutters-col-v-lg-2 gutters-col-v-md-2 gutters-col-v-2\">\n          <!---->\n          <div class=\"h-column h-column-container d-flex h-col-lg-auto h-col-md-auto h-col-auto style-992-outer style-local-525-c4-outer\">\n            <div data-colibri-id=\"525-c4\" class=\"d-flex h-flex-basis h-column__inner h-px-lg-2 h-px-md-2 h-px-2 v-inner-lg-2 v-inner-md-2 v-inner-2 style-992 style-local-525-c4 position-relative\">\n              <!---->\n              <!---->\n              <div class=\"w-100 h-y-container h-column__content h-column__v-align flex-basis-100 align-self-lg-center align-self-md-center align-self-center\">\n                <!---->\n                <div data-colibri-id=\"525-c5\" class=\"h-global-transition-all h-heading style-993 style-local-525-c5 position-relative h-element\">\n                  <!---->\n                  <div class=\"h-heading__outer style-993 style-local-525-c5\">\n                    <!---->\n                    <!---->\n                    <h3 class=\"\"><em style=\"font-weight: 600;\">S\u00fc\u00dfkartoffeln<\/em>&nbsp;sind\n                      <u>nicht<\/u> mit unseren Erd\u00e4pfeln verwandt.<\/h3>\n                  <\/div>\n                <\/div>\n                <div data-colibri-id=\"525-c6\" class=\"h-lead h-text h-text-component style-994 style-local-525-c6 position-relative h-element\">\n                  <!---->\n                  <!---->\n                  <div class=\"\">\n                    <p>Sie stammen urspr\u00fcnglich aus S\u00fcdamerika.<\/p>\n                  <\/div>\n                <\/div>\n                <div data-colibri-id=\"525-c7\" class=\"h-text h-text-component style-995 style-local-525-c7 position-relative h-element\">\n                  <!---->\n                  <!---->\n                  <div class=\"\">\n                    <p>Anders als der Name vermuten l\u00e4sst, haben S\u00fc\u00dfkartoffeln nichts mit den \u201eErd\u00e4pfeln\u201c gemeinsam. S\u00fc\u00dfkartoffeln geh\u00f6ren zu einer ganz anderen botanischen Familie, den Windengew\u00e4chsen.<\/p>\n                    <p><strong style=\"font-size: 146%; font-family: &quot;Open Sans&quot;; font-weight: 600; color: rgb(0, 0, 0);\">Vielseitig und gesund:<\/strong><\/p>\n                    <p>Die exotischen Knollen haben in den letzten Jahren verst\u00e4rkt unseren Speiseplan erobert. Kein Wunder, denn die S\u00fc\u00dfkartoffel wird als eines der n\u00e4hrstoffreichsten und ges\u00fcndesten Gem\u00fcse eingestuft.<\/p>\n                    <p>Es gibt mindestens genau so viele Zubereitungsm\u00f6glichkeiten in der K\u00fcche, wie bei den herk\u00f6mmlichen Erd\u00e4pfeln. Zudem k\u00f6nnen S\u00fc\u00df-kartoffeln auch roh gegessen werden. Salate, Fisch, Fleisch und Suppen erhalten durch die S\u00fc\u00dfe Note einen\n                      ganz neuen Auftritt.<\/p>\n                    <p>\n                      <br>\n                    <\/p>\n                  <\/div>\n                <\/div>\n              <\/div>\n            <\/div>\n          <\/div>\n          <div class=\"h-column h-column-container d-flex h-col-lg-auto h-col-md-auto h-col-auto style-998-outer style-local-525-c8-outer\">\n            <div data-colibri-id=\"525-c8\" class=\"d-flex h-flex-basis h-column__inner h-px-lg-2 h-px-md-2 h-px-2 v-inner-lg-2 v-inner-md-2 v-inner-2 style-998 style-local-525-c8 position-relative\">\n              <!---->\n              <!---->\n              <div class=\"w-100 h-y-container h-column__content h-column__v-align flex-basis-100 align-self-lg-center align-self-md-center align-self-center\">\n                <!---->\n                <div data-colibri-id=\"525-c9\" class=\"h-row-container gutters-row-lg-0 gutters-row-md-0 gutters-row-0 gutters-row-v-lg-0 gutters-row-v-md-0 gutters-row-v-0 style-999 style-local-525-c9 position-relative\">\n                  <!---->\n                  <div class=\"h-row justify-content-lg-start justify-content-md-start justify-content-start align-items-lg-stretch align-items-md-stretch align-items-stretch gutters-col-lg-0 gutters-col-md-0 gutters-col-0 gutters-col-v-lg-0 gutters-col-v-md-0 gutters-col-v-0\">\n                    <!---->\n                    <div class=\"h-column h-column-container d-flex h-col-lg-auto h-col-md-auto h-col-auto style-1000-outer style-local-525-c10-outer\">\n                      <div data-colibri-id=\"525-c10\" class=\"d-flex h-flex-basis h-column__inner h-px-lg-3 h-px-md-3 h-px-3 v-inner-lg-3 v-inner-md-3 v-inner-3 style-1000 style-local-525-c10 position-relative\">\n                        <!---->\n                        <!---->\n                        <div class=\"w-100 h-y-container h-column__content h-column__v-align flex-basis-100 align-self-lg-center align-self-md-center align-self-center\">\n                          <!---->\n                          <div data-colibri-id=\"525-c11\" class=\"h-global-transition-all h-heading style-1001 style-local-525-c11 position-relative h-element\">\n                            <!---->\n                            <div class=\"h-heading__outer style-1001 style-local-525-c11\">\n                              <!---->\n                              <!---->\n                              <h3 class=\"\"><em>S\u00fc\u00dfkartoffeln<\/em><\/h3>\n                            <\/div>\n                          <\/div>\n                          <div data-colibri-id=\"525-c12\" class=\"h-global-transition-all h-heading style-1002 style-local-525-c12 position-relative h-element\">\n                            <!---->\n                            <div class=\"h-heading__outer style-1002 style-local-525-c12\">\n                              <!---->\n                              <!---->\n                              <h5 class=\"\">werden auch Batate genannt.<\/h5>\n                            <\/div>\n                          <\/div>\n                          <div data-colibri-id=\"525-c13\" class=\"h-text h-text-component style-1003 style-local-525-c13 position-relative h-element\">\n                            <!---->\n                            <!---->\n                            <div class=\"\">\n                              <p><span style=\"font-size: 16px; font-family: &quot;Open Sans&quot;; color: rgb(70, 112, 127);\">Sie wachsen unter einer dichten Blattmasse, als unterirdische Knollen.<\/span><\/p>\n                            <\/div>\n                          <\/div>\n                          <div data-colibri-id=\"525-c14\" class=\"style-1004 style-local-525-c14 position-relative h-element\">\n                            <!---->\n                          <\/div>\n                        <\/div>\n                      <\/div>\n                    <\/div>\n                  <\/div>\n                <\/div>\n                <div data-colibri-id=\"525-c15\" class=\"h-multiple-image style-1007 style-local-525-c15 position-relative h-element\">\n                  <!---->\n                  <div class=\"position-relative\">\n                    <div class=\"h-multiple-image-inside-container\">\n                      <div class=\"ratio-inner\">\n                        <div data-colibri-id=\"525-c16\" class=\"d-block style-1008 style-local-525-c16 position-relative h-element\">\n                          <!---->\n                          <div class=\"h-image__frame-container-outer\">\n                            <div class=\"h-image__frame-container\">\n                              <!---->\n                              <!---->\n                              <img loading=\"lazy\" decoding=\"async\" width=\"1920\" height=\"1513\" src=\"https:\/\/www.koelbl.me\/WP\/wp-content\/uploads\/2022\/01\/cropped-IMG_0577-scaled-1.jpg\" class=\"style-1007-images style-local-525-c15-images wp-image-633 style-1008-image style-local-525-c16-image\" alt=\"\" srcset=\"https:\/\/www.koelbl.me\/WP\/wp-content\/uploads\/2022\/01\/cropped-IMG_0577-scaled-1.jpg 1920w, https:\/\/www.koelbl.me\/WP\/wp-content\/uploads\/2022\/01\/cropped-IMG_0577-scaled-1-300x236.jpg 300w, https:\/\/www.koelbl.me\/WP\/wp-content\/uploads\/2022\/01\/cropped-IMG_0577-scaled-1-1024x807.jpg 1024w, https:\/\/www.koelbl.me\/WP\/wp-content\/uploads\/2022\/01\/cropped-IMG_0577-scaled-1-768x605.jpg 768w, https:\/\/www.koelbl.me\/WP\/wp-content\/uploads\/2022\/01\/cropped-IMG_0577-scaled-1-1536x1210.jpg 1536w\" sizes=\"auto, (max-width: 1920px) 100vw, 1920px\" \/>\n                              <div class=\"h-image__frame h-hide-lg h-hide-md h-hide-sm style-1008-frameImage style-local-525-c16-frameImage\"><\/div>\n                            <\/div>\n                          <\/div>\n                        <\/div>\n                        <div data-colibri-id=\"525-c17\" class=\"d-block style-1009 style-local-525-c17 position-relative h-element\">\n                          <!---->\n                          <div class=\"h-image__frame-container-outer\">\n                            <div class=\"h-image__frame-container\">\n                              <!---->\n                              <!---->\n                              <img loading=\"lazy\" decoding=\"async\" width=\"2140\" height=\"1920\" src=\"https:\/\/www.koelbl.me\/WP\/wp-content\/uploads\/2022\/01\/cropped-DSC03599-scaled-1.jpg\" class=\"style-1007-images style-local-525-c15-images wp-image-527 style-1009-image style-local-525-c17-image\" alt=\"\" srcset=\"https:\/\/www.koelbl.me\/WP\/wp-content\/uploads\/2022\/01\/cropped-DSC03599-scaled-1.jpg 2140w, https:\/\/www.koelbl.me\/WP\/wp-content\/uploads\/2022\/01\/cropped-DSC03599-scaled-1-300x269.jpg 300w, https:\/\/www.koelbl.me\/WP\/wp-content\/uploads\/2022\/01\/cropped-DSC03599-scaled-1-1024x919.jpg 1024w, https:\/\/www.koelbl.me\/WP\/wp-content\/uploads\/2022\/01\/cropped-DSC03599-scaled-1-768x689.jpg 768w, https:\/\/www.koelbl.me\/WP\/wp-content\/uploads\/2022\/01\/cropped-DSC03599-scaled-1-1536x1378.jpg 1536w, https:\/\/www.koelbl.me\/WP\/wp-content\/uploads\/2022\/01\/cropped-DSC03599-scaled-1-2048x1837.jpg 2048w\" sizes=\"auto, (max-width: 2140px) 100vw, 2140px\" \/>\n                              <div class=\"h-image__frame h-hide-lg h-hide-md h-hide-sm style-1009-frameImage style-local-525-c17-frameImage\"><\/div>\n                            <\/div>\n                          <\/div>\n                        <\/div>\n                      <\/div>\n                    <\/div>\n                  <\/div>\n                <\/div>\n              <\/div>\n            <\/div>\n          <\/div>\n        <\/div>\n      <\/div>\n    <\/div>\n  <\/div>\n  <div data-colibri-component=\"section\" data-colibri-id=\"525-c18\" id=\"about-2\" class=\"h-section h-section-global-spacing d-flex align-items-lg-center align-items-md-center align-items-center style-1010 style-local-525-c18 position-relative\">\n    <div class=\"background-wrapper\">\n      <div class=\"background-layer background-layer-media-container-lg\">\n        <!---->\n        <div class=\"overlay-layer\">\n          <div class=\"overlay-image-layer\" style=\"background-color: rgb(255, 255, 255); opacity: 0.71;\"><\/div>\n        <\/div>\n      <\/div>\n      <div class=\"background-layer background-layer-media-container-md\">\n        <!---->\n        <div class=\"overlay-layer\">\n          <div class=\"overlay-image-layer\" style=\"background-color: rgb(255, 255, 255); opacity: 0.71;\"><\/div>\n        <\/div>\n      <\/div>\n      <div class=\"background-layer background-layer-media-container\">\n        <!---->\n        <div class=\"overlay-layer\">\n          <div class=\"overlay-image-layer\" style=\"background-color: rgb(255, 255, 255); opacity: 0.71;\"><\/div>\n        <\/div>\n      <\/div>\n    <\/div>\n    <!---->\n    <div class=\"h-section-grid-container h-section-boxed-container\">\n      <!---->\n      <div data-colibri-id=\"525-c19\" class=\"h-row-container gutters-row-lg-0 gutters-row-md-0 gutters-row-0 gutters-row-v-lg-0 gutters-row-v-md-0 gutters-row-v-0 style-1011 style-local-525-c19 position-relative\">\n        <!---->\n        <div class=\"h-row justify-content-lg-center justify-content-md-center justify-content-center align-items-lg-stretch align-items-md-stretch align-items-stretch gutters-col-lg-0 gutters-col-md-0 gutters-col-0 gutters-col-v-lg-0 gutters-col-v-md-0 gutters-col-v-0\">\n          <!---->\n          <div class=\"h-column h-column-container d-flex h-col-lg-auto h-col-md-auto h-col-auto style-1012-outer style-local-525-c20-outer\">\n            <div data-colibri-id=\"525-c20\" class=\"d-flex h-flex-basis h-column__inner h-px-lg-0 h-px-md-0 h-px-0 v-inner-lg-0 v-inner-md-0 v-inner-0 style-1012 style-local-525-c20 position-relative\">\n              <!---->\n              <!---->\n              <div class=\"w-100 h-y-container h-column__content h-column__v-align flex-basis-100 align-self-lg-center align-self-md-center align-self-center\">\n                <!---->\n                <div data-colibri-id=\"525-c21\" class=\"h-text h-text-component style-1028 style-local-525-c21 position-relative h-element\">\n                  <!---->\n                  <!---->\n                  <div class=\"\">\n                    <p><em style=\"font-weight: 400; font-size: 98%;\"><u>Unsere S\u00fc\u00dfkartoffeln<\/u><\/em><span style=\"font-size: 101%;\"> <\/span>sind unbehandelt, die Schale kann bedenkenlos mitgegessen werden.<\/p>\n                  <\/div>\n                <\/div>\n              <\/div>\n            <\/div>\n          <\/div>\n          <div class=\"h-column h-column-container d-flex h-col-lg-auto h-col-md-auto h-col-auto style-1013-outer style-local-525-c22-outer\">\n            <div data-colibri-id=\"525-c22\" class=\"d-flex h-flex-basis h-column__inner h-ui-empty-state-container h-px-lg-2 h-px-md-2 h-px-0 v-inner-lg-2 v-inner-md-2 v-inner-0 style-1013 style-local-525-c22 position-relative\">\n              <!---->\n              <!---->\n              <div class=\"w-100 h-y-container h-column__content h-column__v-align flex-basis-100\">\n                <!---->\n              <\/div>\n            <\/div>\n          <\/div>\n          <div class=\"h-column h-column-container d-flex h-col-lg-auto h-col-md-auto h-col-auto style-1014-outer style-local-525-c23-outer\">\n            <div data-colibri-id=\"525-c23\" class=\"d-flex h-flex-basis h-column__inner h-px-lg-3 h-px-md-3 h-px-3 v-inner-lg-3 v-inner-md-3 v-inner-3 style-1014 style-local-525-c23 position-relative\">\n              <!---->\n              <!---->\n              <div class=\"w-100 h-y-container h-column__content h-column__v-align flex-basis-100 align-self-lg-center align-self-md-center align-self-center\">\n                <!---->\n                <div data-colibri-id=\"525-c24\" class=\"h-global-transition-all h-heading style-1015 style-local-525-c24 position-relative h-element\">\n                  <!---->\n                  <div class=\"h-heading__outer style-1015 style-local-525-c24\">\n                    <!---->\n                    <!---->\n                    <h3 class=\"\"><em style=\"color: rgb(23, 178, 234);\">Caiapo<\/em> &#8211; die Wunderwaffe<\/h3>\n                  <\/div>\n                <\/div>\n                <div data-colibri-id=\"525-c25\" class=\"h-text h-text-component style-1016 style-local-525-c25 position-relative h-element\">\n                  <!---->\n                  <!---->\n                  <div class=\"\">\n                    <p><span style=\"font-family: &quot;Open Sans&quot;, sans-serif; color: rgb(0, 0, 0); font-size: 16px;\">Caiapo ist ein Stoff, der in der Schale der S\u00fc\u00dfkartoffel zu finden ist. Er ist besonders f\u00fcr Diabetes mellitus Typ 2 Erkrankte interessant, da er unter anderem den N\u00fcchternblutzuckerspiegel senkt.<\/span><\/p>\n                  <\/div>\n                <\/div>\n              <\/div>\n            <\/div>\n          <\/div>\n        <\/div>\n      <\/div>\n    <\/div>\n  <\/div>\n  <div data-colibri-component=\"section\" data-colibri-id=\"525-c26\" id=\"about-4\" class=\"h-section h-section-global-spacing d-flex align-items-lg-center align-items-md-center align-items-center style-1043 style-local-525-c26 position-relative\">\n    <!---->\n    <!---->\n    <div class=\"h-section-grid-container h-section-boxed-container\">\n      <div data-colibri-id=\"525-c31\" class=\"h-row-container gutters-row-lg-2 gutters-row-md-2 gutters-row-2 gutters-row-v-lg-2 gutters-row-v-md-2 gutters-row-v-2 style-1048 style-local-525-c31 position-relative\">\n        <!---->\n        <div class=\"h-row justify-content-lg-center justify-content-md-center justify-content-center align-items-lg-stretch align-items-md-stretch align-items-stretch gutters-col-lg-2 gutters-col-md-2 gutters-col-2 gutters-col-v-lg-2 gutters-col-v-md-2 gutters-col-v-2\">\n          <!---->\n          <div class=\"h-column h-column-container d-flex h-col-lg-auto h-col-md-auto h-col-auto style-1049-outer style-local-525-c32-outer\">\n            <div data-colibri-id=\"525-c32\" class=\"d-flex h-flex-basis h-column__inner h-px-lg-2 h-px-md-2 h-px-1 v-inner-lg-2 v-inner-md-2 v-inner-1 style-1049 style-local-525-c32 position-relative\">\n              <!---->\n              <!---->\n              <div class=\"w-100 h-y-container h-column__content h-column__v-align flex-basis-100 align-self-lg-start align-self-md-start align-self-start\">\n                <!---->\n                <div data-colibri-id=\"525-c33\" class=\"h-global-transition-all h-heading style-1051 style-local-525-c33 position-relative h-element\">\n                  <!---->\n                  <div class=\"h-heading__outer style-1051 style-local-525-c33\">\n                    <!---->\n                    <!---->\n                    <h2 class=\"\">Aufw\u00e4ndig &#8211; vom&nbsp;<em style=\"font-family: &quot;Playfair Display&quot;; color: rgb(3, 169, 244);\">Anbau&nbsp;<\/em>bis zur&nbsp;<em style=\"font-family: &quot;Playfair Display&quot;; color: rgb(3, 169, 244);\">Ernte<\/em>.<\/h2>\n                  <\/div>\n                <\/div>\n                <div data-colibri-id=\"525-c34\" class=\"h-lead h-text h-text-component style-1052 style-local-525-c34 position-relative h-element\">\n                  <!---->\n                  <!---->\n                  <div class=\"\">\n                    <p>Viele Handgriffe sind n\u00f6tig, bis man die Knolle in den H\u00e4nden hat.\n                      <br>Die Pflanzen werden auf einer verrottbaren, schwarzen Bio-Folie gepflanzt.&nbsp;\n                      <br>Die Folie bewirkt eine raschere Bodenerw\u00e4rmung und eine schnellere Jugendentwicklung der w\u00e4rmeliebenden Pflanzen und unterdr\u00fcckt das Unkraut weitgehend. Bei Trockenheit wird mittels in der Erde verlegtem Tropfschlauch bew\u00e4ssert.\n                      Sehr aufw\u00e4ndig ist die Unkrautfreihaltung bis zur Ernte.\n                      <br>Im Herbst werden die empfindlichen Knollen ausgegraben, h\u00e4ndisch aufgesammelt und mit Gro\u00dfkisten ins Lager transportiert.\n                      <br>\n                      <br>\n                    <\/p>\n                  <\/div>\n                <\/div>\n              <\/div>\n            <\/div>\n          <\/div>\n        <\/div>\n      <\/div>\n      <div data-colibri-id=\"525-c27\" class=\"h-row-container gutters-row-lg-0 gutters-row-md-0 gutters-row-0 gutters-row-v-lg-0 gutters-row-v-md-0 gutters-row-v-0 style-1044 style-local-525-c27 h-overflow-hidden position-relative\">\n        <!---->\n        <div class=\"h-row justify-content-lg-center justify-content-md-center justify-content-center align-items-lg-end align-items-md-end align-items-end gutters-col-lg-0 gutters-col-md-0 gutters-col-0 gutters-col-v-lg-0 gutters-col-v-md-0 gutters-col-v-0\">\n          <!---->\n          <div class=\"h-column h-column-container d-flex h-col-lg-auto h-col-md-auto h-col-auto align-self-lg-end align-self-md-end align-self-end style-1045-outer style-local-525-c28-outer\">\n            <div data-colibri-id=\"525-c28\" class=\"d-flex h-flex-basis h-column__inner h-ui-empty-state-container h-px-lg-0 h-px-md-0 h-px-0 v-inner-lg-0 v-inner-md-0 v-inner-0 style-1045 style-local-525-c28 position-relative\">\n              <!---->\n              <!---->\n              <div class=\"w-100 h-y-container h-column__content h-column__v-align flex-basis-100\">\n                <!---->\n              <\/div>\n            <\/div>\n          <\/div>\n          <div class=\"h-column h-column-container d-flex h-col-lg-auto h-col-md-auto h-col-auto align-self-lg-end align-self-md-end align-self-end style-1046-outer style-local-525-c29-outer\">\n            <div data-colibri-id=\"525-c29\" class=\"d-flex h-flex-basis h-column__inner h-ui-empty-state-container h-px-lg-0 h-px-md-0 h-px-0 v-inner-lg-0 v-inner-md-0 v-inner-0 style-1046 style-local-525-c29 position-relative\">\n              <!---->\n              <!---->\n              <div class=\"w-100 h-y-container h-column__content h-column__v-align flex-basis-100\">\n                <!---->\n              <\/div>\n            <\/div>\n          <\/div>\n          <div class=\"h-column h-column-container d-flex h-col-lg-auto h-col-md-auto h-col-auto align-self-lg-end align-self-md-end align-self-end style-1047-outer style-local-525-c30-outer\">\n            <div data-colibri-id=\"525-c30\" class=\"d-flex h-flex-basis h-column__inner h-ui-empty-state-container h-px-lg-0 h-px-md-0 h-px-0 v-inner-lg-0 v-inner-md-0 v-inner-0 style-1047 style-local-525-c30 position-relative\">\n              <!---->\n              <!---->\n              <div class=\"w-100 h-y-container h-column__content h-column__v-align flex-basis-100\">\n                <!---->\n              <\/div>\n            <\/div>\n          <\/div>\n        <\/div>\n      <\/div>\n    <\/div>\n  <\/div>\n<\/div>","protected":false},"excerpt":{"rendered":"<p>S\u00fc\u00dfkartoffeln&nbsp;sind nicht mit unseren Erd\u00e4pfeln verwandt. Sie stammen urspr\u00fcnglich aus S\u00fcdamerika. Anders als der Name vermuten l\u00e4sst, haben S\u00fc\u00dfkartoffeln nichts mit den \u201eErd\u00e4pfeln\u201c gemeinsam. S\u00fc\u00dfkartoffeln geh\u00f6ren zu einer ganz anderen botanischen Familie, den Windengew\u00e4chsen. Vielseitig und gesund: Die exotischen Knollen haben in den letzten Jahren verst\u00e4rkt unseren Speiseplan erobert. Kein Wunder, denn die S\u00fc\u00dfkartoffel wird [&hellip;]<\/p>\n","protected":false},"author":1,"featured_media":0,"parent":0,"menu_order":0,"comment_status":"closed","ping_status":"closed","template":"page-templates\/full-width-page.php","meta":{"footnotes":""},"class_list":["post-525","page","type-page","status-publish","hentry"],"_links":{"self":[{"href":"https:\/\/www.koelbl.me\/WP\/wp-json\/wp\/v2\/pages\/525","targetHints":{"allow":["GET"]}}],"collection":[{"href":"https:\/\/www.koelbl.me\/WP\/wp-json\/wp\/v2\/pages"}],"about":[{"href":"https:\/\/www.koelbl.me\/WP\/wp-json\/wp\/v2\/types\/page"}],"author":[{"embeddable":true,"href":"https:\/\/www.koelbl.me\/WP\/wp-json\/wp\/v2\/users\/1"}],"replies":[{"embeddable":true,"href":"https:\/\/www.koelbl.me\/WP\/wp-json\/wp\/v2\/comments?post=525"}],"version-history":[{"count":16,"href":"https:\/\/www.koelbl.me\/WP\/wp-json\/wp\/v2\/pages\/525\/revisions"}],"predecessor-version":[{"id":1431,"href":"https:\/\/www.koelbl.me\/WP\/wp-json\/wp\/v2\/pages\/525\/revisions\/1431"}],"wp:attachment":[{"href":"https:\/\/www.koelbl.me\/WP\/wp-json\/wp\/v2\/media?parent=525"}],"curies":[{"name":"wp","href":"https:\/\/api.w.org\/{rel}","templated":true}]}}