{"id":791,"date":"2022-02-07T16:08:39","date_gmt":"2022-02-07T15:08:39","guid":{"rendered":"https:\/\/www.koelbl.me\/WP\/?page_id=791"},"modified":"2022-03-18T22:31:50","modified_gmt":"2022-03-18T21:31:50","slug":"bitcoin","status":"publish","type":"page","link":"https:\/\/www.koelbl.me\/WP\/bitcoin\/","title":{"rendered":"Bitcoin"},"content":{"rendered":"<div data-colibri-id=\"791-c1\" class=\"style-1099 style-local-791-c1 position-relative\">\n  <!---->\n  <div data-colibri-component=\"section\" data-colibri-id=\"791-c2\" id=\"overlappable\" class=\"h-section h-section-global-spacing d-flex align-items-lg-center align-items-md-center align-items-center style-1346 style-local-791-c2 position-relative\">\n    <!---->\n    <!---->\n    <div class=\"h-section-grid-container h-section-boxed-container\">\n      <!---->\n      <div data-colibri-id=\"791-c3\" class=\"h-row-container gutters-row-lg-2 gutters-row-md-2 gutters-row-2 gutters-row-v-lg-2 gutters-row-v-md-2 gutters-row-v-2 style-1347 style-local-791-c3 position-relative\">\n        <!---->\n        <div class=\"h-row justify-content-lg-center justify-content-md-center justify-content-center align-items-lg-stretch align-items-md-center align-items-stretch gutters-col-lg-2 gutters-col-md-2 gutters-col-2 gutters-col-v-lg-2 gutters-col-v-md-2 gutters-col-v-2\">\n          <!---->\n          <div class=\"h-column h-column-container d-flex h-col-lg-auto h-col-md-auto h-col-auto align-self-md-center style-1348-outer style-local-791-c4-outer\">\n            <div data-colibri-id=\"791-c4\" class=\"d-flex h-flex-basis h-column__inner h-px-lg-2 h-px-md-2 h-px-2 v-inner-lg-2 v-inner-md-2 v-inner-2 style-1348 style-local-791-c4 position-relative\">\n              <!---->\n              <!---->\n              <div class=\"w-100 h-y-container h-column__content h-column__v-align flex-basis-100 align-self-lg-center align-self-md-center align-self-center\">\n                <!---->\n                <div data-colibri-id=\"791-c5\" class=\"h-global-transition-all h-heading style-1349 style-local-791-c5 position-relative h-element\">\n                  <!---->\n                  <div class=\"h-heading__outer style-1349 style-local-791-c5\">\n                    <!---->\n                    <!---->\n                    <h3 class=\"\">Warum <em style=\"color: rgb(239, 164, 57); font-weight: 600;\">BITCOIN<\/em>?<span style=\"caret-color: rgb(23, 37, 42); color: rgb(23, 37, 42); font-style: normal; font-weight: 300; display: inline\"><\/span><\/h3>\n                  <\/div>\n                <\/div>\n                <div data-colibri-id=\"791-c6\" class=\"h-text h-text-component style-1350 style-local-791-c6 position-relative h-element\">\n                  <!---->\n                  <!---->\n                  <div class=\"\">\n                    <p><em style=\"font-size: 16px; color: rgb(23, 23, 23); font-family: Poppins, ui-sans-serif, system-ui, -apple-system, BlinkMacSystemFont, &quot;Segoe UI&quot;, Roboto, &quot;Helvetica Neue&quot;, Arial, &quot;Noto Sans&quot;, sans-serif, &quot;Apple Color Emoji&quot;, &quot;Segoe UI Emoji&quot;, &quot;Segoe UI Symbol&quot;, &quot;Noto Color Emoji&quot;; font-weight: 500;\">&#8222;Bitcoin ist wie die fr\u00fche Elektrizit\u00e4t. Roh, gef\u00e4hrlich, scheint sehr fl\u00fcchtig und schwer zu verwenden zu sein. Mit der Zeit wird es sich sicherer, einfacher und normaler anf\u00fchlen. Wie Elektrizit\u00e4t wird sie neue, unvorstellbare Industrien inspirieren und antreiben. Und eines Tages werden wir uns fragen, wie wir ohne sie leben konnten.&#8220;<\/em><\/p>\n                    <p><span style=\"font-weight: 500; font-family: Poppins, ui-sans-serif, system-ui, -apple-system, BlinkMacSystemFont, &quot;Segoe UI&quot;, Roboto, &quot;Helvetica Neue&quot;, Arial, &quot;Noto Sans&quot;, sans-serif, &quot;Apple Color Emoji&quot;, &quot;Segoe UI Emoji&quot;, &quot;Segoe UI Symbol&quot;, &quot;Noto Color Emoji&quot;; color: rgb(23, 23, 23); font-size: 16px;\">Obi-Wan Kenobit<\/span><\/p>\n                  <\/div>\n                <\/div>\n              <\/div>\n            <\/div>\n          <\/div>\n          <div class=\"h-column h-column-container d-flex h-col-lg-auto h-col-md-auto h-col-auto align-self-md-center style-1353-outer style-local-791-c7-outer\">\n            <div data-colibri-id=\"791-c7\" class=\"d-flex h-flex-basis h-column__inner h-px-lg-2 h-px-md-2 h-px-2 v-inner-lg-2 v-inner-md-2 v-inner-2 style-1353 style-local-791-c7 position-relative\">\n              <!---->\n              <!---->\n              <div class=\"w-100 h-y-container h-column__content h-column__v-align flex-basis-100 align-self-lg-start align-self-md-start align-self-start\">\n                <!---->\n                <div data-colibri-id=\"791-c8\" class=\"h-row-container gutters-row-lg-2 gutters-row-md-2 gutters-row-0 gutters-row-v-lg-2 gutters-row-v-md-2 gutters-row-v-2 style-1354 style-local-791-c8 position-relative\">\n                  <!---->\n                  <div class=\"h-row justify-content-lg-center justify-content-md-center justify-content-center align-items-lg-stretch align-items-md-stretch align-items-stretch gutters-col-lg-2 gutters-col-md-2 gutters-col-0 gutters-col-v-lg-2 gutters-col-v-md-2 gutters-col-v-2\">\n                    <!---->\n                    <div class=\"h-column h-column-container d-flex h-col-lg-6 h-col-md-6 h-col-12 style-1355-outer style-local-791-c9-outer\">\n                      <div data-colibri-id=\"791-c9\" class=\"d-flex h-flex-basis h-column__inner h-px-lg-0 h-px-md-0 h-px-0 v-inner-lg-0 v-inner-md-0 v-inner-0 style-1355 style-local-791-c9 position-relative\">\n                        <!---->\n                        <!---->\n                        <div class=\"w-100 h-y-container h-column__content h-column__v-align flex-basis-100 align-self-lg-start align-self-md-start align-self-start\">\n                          <!---->\n                          <div data-colibri-id=\"791-c10\" class=\"h-icon style-1356 style-local-791-c10 position-relative h-element\">\n                            <!----><span class=\"h-svg-icon h-icon__icon style-1356-icon style-local-791-c10-icon\"><!--Icon by Linea (http:\/\/linea.io)--><svg version=\"1.1\" id=\"Layer_1\" xmlns=\"http:\/\/www.w3.org\/2000\/svg\" xmlns:xlink=\"http:\/\/www.w3.org\/1999\/xlink\" x=\"0px\" y=\"0px\" viewBox=\"0 0 64 64\" enable-background=\"new 0 0 64 64\" xml:space=\"preserve\">\n<g>\n\t<polygon points=\"2,3.414 21.293,22.707 22.707,21.293 3.414,2 12,2 12,0 1,0 0,1 0,12 2,12 \t\"><\/polygon>\n\t<polygon points=\"12,64 12,62 3.414,62 22.707,42.707 21.293,41.293 2,60.586 2,52 0,52 0,63 1,64 \t\"><\/polygon>\n\t<polygon points=\"62,60.586 42.707,41.293 41.293,42.707 60.586,62 52,62 52,64 63,64 64,63 64,52 62,52 \t\"><\/polygon>\n\t<polygon points=\"52,0 52,2 60.586,2 41.293,21.293 42.707,22.707 62,3.414 62,12 64,12 64,1 63,0 \t\"><\/polygon>\n<\/g>\n<\/svg>\n<\/span><\/div>\n                          <div data-colibri-id=\"791-c11\" class=\"h-global-transition-all h-heading style-1357 style-local-791-c11 position-relative h-element\">\n                            <!---->\n                            <div class=\"h-heading__outer style-1357 style-local-791-c11\">\n                              <!---->\n                              <!---->\n                              <h5 class=\"\">bitcoin ist dezentral<\/h5>\n                            <\/div>\n                          <\/div>\n                          <div data-colibri-id=\"791-c12\" class=\"h-text h-text-component style-1358 style-local-791-c12 position-relative h-element\">\n                            <!---->\n                            <!---->\n                            <div class=\"\">\n                              <p>Es gibt keine zentrale Stelle um sich zu registrieren oder anzumelden. Jeder kann eine Wallet (digitales Konto) ohne irgendwelchen Nachweis zu erbringen erstellen und Teil des BITCOIN-Netzwerkes werden.<\/p>\n                              <p>\n                                <br>\n                              <\/p>\n                              <p>&nbsp;<\/p>\n                            <\/div>\n                          <\/div>\n                        <\/div>\n                      <\/div>\n                    <\/div>\n                    <div class=\"h-column h-column-container d-flex h-col-lg-6 h-col-md-6 h-col-12 style-1355-outer style-local-791-c13-outer\">\n                      <div data-colibri-id=\"791-c13\" class=\"d-flex h-flex-basis h-column__inner h-px-lg-0 h-px-md-0 h-px-0 v-inner-lg-0 v-inner-md-0 v-inner-0 style-1355 style-local-791-c13 position-relative\">\n                        <!---->\n                        <!---->\n                        <div class=\"w-100 h-y-container h-column__content h-column__v-align flex-basis-100 align-self-lg-start align-self-md-start align-self-start\">\n                          <!---->\n                          <div data-colibri-id=\"791-c14\" class=\"h-icon style-1356 style-local-791-c14 position-relative h-element\">\n                            <!----><span class=\"h-svg-icon h-icon__icon style-1356-icon style-local-791-c14-icon\"><!--Icon by Font Awesome (https:\/\/fontawesome.com)--><svg version=\"1.1\" xmlns=\"http:\/\/www.w3.org\/2000\/svg\" xmlns:xlink=\"http:\/\/www.w3.org\/1999\/xlink\" id=\"link\" viewBox=\"0 0 1664 1896.0833\"><path d=\"M1456 1216q0-40-28-68l-208-208q-28-28-68-28-42 0-72 32 3 3 19 18.5t21.5 21.5 15 19 13 25.5 3.5 27.5q0 40-28 68t-68 28q-15 0-27.5-3.5t-25.5-13-19-15-21.5-21.5-18.5-19q-33 31-33 73 0 40 28 68l206 207q27 27 68 27 40 0 68-26l147-146q28-28 28-67zM753 511q0-40-28-68L519 236q-28-28-68-28-39 0-68 27L236 381q-28 28-28 67 0 40 28 68l208 208q27 27 68 27 42 0 72-31-3-3-19-18.5T543.5 680t-15-19-13-25.5T512 608q0-40 28-68t68-28q15 0 27.5 3.5t25.5 13 19 15 21.5 21.5 18.5 19q33-31 33-73zm895 705q0 120-85 203l-147 146q-83 83-203 83-121 0-204-85l-206-207q-83-83-83-203 0-123 88-209l-88-88q-86 88-208 88-120 0-204-84L100 652q-84-84-84-204t85-203L248 99q83-83 203-83 121 0 204 85l206 207q83 83 83 203 0 123-88 209l88 88q86-88 208-88 120 0 204 84l208 208q84 84 84 204z\"><\/path><\/svg><\/span><\/div>\n                          <div\n                            data-colibri-id=\"791-c15\" class=\"h-global-transition-all h-heading style-1357 style-local-791-c15 position-relative h-element\">\n                            <!---->\n                            <div class=\"h-heading__outer style-1357 style-local-791-c15\">\n                              <!---->\n                              <!---->\n                              <h5 class=\"\">Bitcoin ist sicher<\/h5>\n                            <\/div>\n                        <\/div>\n                        <div data-colibri-id=\"791-c16\" class=\"h-text h-text-component style-1358 style-local-791-c16 position-relative h-element\">\n                          <!---->\n                          <!---->\n                          <div class=\"\">\n                            <p>Seit es BITCOIN gibt (3. J\u00e4nner 2009) werden alle Transaktionen in der sogenannten <em><u>Blockchain<\/u><\/em> gespeichert. Bis heute gab es noch keinen erfolgreichen Angriff auf die Blockchain. Das BITCOIN-Netzwerk gilt als\n                              das sicherste Netzwerk und wird immer sicherer.<\/p>\n                          <\/div>\n                        <\/div>\n                      <\/div>\n                    <\/div>\n                  <\/div>\n                  <div class=\"h-column h-column-container d-flex h-col-lg-6 h-col-md-6 h-col-12 style-1355-outer style-local-791-c17-outer\">\n                    <div data-colibri-id=\"791-c17\" class=\"d-flex h-flex-basis h-column__inner h-px-lg-0 h-px-md-0 h-px-0 v-inner-lg-0 v-inner-md-0 v-inner-0 style-1355 style-local-791-c17 position-relative\">\n                      <!---->\n                      <!---->\n                      <div class=\"w-100 h-y-container h-column__content h-column__v-align flex-basis-100 align-self-lg-start align-self-md-start align-self-start\">\n                        <!---->\n                        <div data-colibri-id=\"791-c18\" class=\"h-icon style-1356 style-local-791-c18 position-relative h-element\">\n                          <!----><span class=\"h-svg-icon h-icon__icon style-1356-icon style-local-791-c18-icon\"><!--Icon by Linea (http:\/\/linea.io)--><svg version=\"1.1\" id=\"Layer_1\" xmlns=\"http:\/\/www.w3.org\/2000\/svg\" xmlns:xlink=\"http:\/\/www.w3.org\/1999\/xlink\" x=\"0px\" y=\"0px\" viewBox=\"0 0 64 64\" enable-background=\"new 0 0 64 64\" xml:space=\"preserve\">\n<g>\n\t<path d=\"M36,35c0-3.86-3.141-7-7-7s-7,3.14-7,7s3.141,7,7,7c1.569,0,3.016-0.526,4.185-1.402l7.108,7.109l1.414-1.414l-7.108-7.109\n\t\tC35.475,38.016,36,36.57,36,35z M24,35c0-2.757,2.243-5,5-5s5,2.243,5,5s-2.243,5-5,5S24,37.757,24,35z\"><\/path>\n\t<path d=\"M53,5h-8v4H19V5h-8v4H0v50h64V9H53V5z M47,7h4v6h-4V7z M13,7h4v6h-4V7z M2,57V19h60v38H2z M62,11v6H2v-6h9v4h8v-4h26v4h8\n\t\tv-4H62z\"><\/path>\n<\/g>\n<\/svg>\n<\/span><\/div>\n                        <div data-colibri-id=\"791-c19\" class=\"h-global-transition-all h-heading style-1357 style-local-791-c19 position-relative h-element\">\n                          <!---->\n                          <div class=\"h-heading__outer style-1357 style-local-791-c19\">\n                            <!---->\n                            <!---->\n                            <h5 class=\"\">Bitcoin ist transparent und pseudonym<\/h5>\n                          <\/div>\n                        <\/div>\n                        <div data-colibri-id=\"791-c20\" class=\"h-text h-text-component style-1358 style-local-791-c20 position-relative h-element\">\n                          <!---->\n                          <!---->\n                          <div class=\"\">\n                            <p>Jeder kann in die Blockchain uneingeschr\u00e4nkt einsehen und sehen wieviele BITCOIN auf einer Wallet sind. Es sind aber weder Name, Adressen oder sonstige Hinweise auf die Person gespeichert.<\/p>\n                          <\/div>\n                        <\/div>\n                      <\/div>\n                    <\/div>\n                  <\/div>\n                  <div class=\"h-column h-column-container d-flex h-col-lg-6 h-col-md-6 h-col-12 style-1355-outer style-local-791-c21-outer\">\n                    <div data-colibri-id=\"791-c21\" class=\"d-flex h-flex-basis h-column__inner h-px-lg-0 h-px-md-0 h-px-0 v-inner-lg-0 v-inner-md-0 v-inner-0 style-1355 style-local-791-c21 position-relative\">\n                      <!---->\n                      <!---->\n                      <div class=\"w-100 h-y-container h-column__content h-column__v-align flex-basis-100 align-self-lg-start align-self-md-start align-self-start\">\n                        <!---->\n                        <div data-colibri-id=\"791-c22\" class=\"h-icon style-1356 style-local-791-c22 position-relative h-element\">\n                          <!----><span class=\"h-svg-icon h-icon__icon style-1356-icon style-local-791-c22-icon\"><!--Icon by Font Awesome (https:\/\/fontawesome.com)--><svg version=\"1.1\" xmlns=\"http:\/\/www.w3.org\/2000\/svg\" xmlns:xlink=\"http:\/\/www.w3.org\/1999\/xlink\" id=\"code\" viewBox=\"0 0 1920 1896.0833\"><path d=\"M617 1399l-50 50q-10 10-23 10t-23-10L55 983q-10-10-10-23t10-23l466-466q10-10 23-10t23 10l50 50q10 10 10 23t-10 23L224 960l393 393q10 10 10 23t-10 23zm591-1067L835 1623q-4 13-15.5 19.5T796 1645l-62-17q-13-4-19.5-15.5T712 1588l373-1291q4-13 15.5-19.5t23.5-2.5l62 17q13 4 19.5 15.5t2.5 24.5zm657 651l-466 466q-10 10-23 10t-23-10l-50-50q-10-10-10-23t10-23l393-393-393-393q-10-10-10-23t10-23l50-50q10-10 23-10t23 10l466 466q10 10 10 23t-10 23z\"><\/path><\/svg><\/span><\/div>\n                        <div\n                          data-colibri-id=\"791-c23\" class=\"h-global-transition-all h-heading style-1357 style-local-791-c23 position-relative h-element\">\n                          <!---->\n                          <div class=\"h-heading__outer style-1357 style-local-791-c23\">\n                            <!---->\n                            <!---->\n                            <h5 class=\"\">bitcoin ist ein digital begrenztes gut<\/h5>\n                          <\/div>\n                      <\/div>\n                      <div data-colibri-id=\"791-c24\" class=\"h-text h-text-component style-1358 style-local-791-c24 position-relative h-element\">\n                        <!---->\n                        <!---->\n                        <div class=\"\">\n                          <p>BITCOIN ist durch den Code auf knapp 21 Millionen St\u00fcck begrenzt und somit das einzige nachweislich, digitale, streng limitierte Gut auf unseren Planeten.<\/p>\n                          <p>Ein BITCOIN (BTC) wird in 100.000.000 SATOSHIS (SATS) unterteilt. SATOSHIS sind mit den EURO-Cent vergleichbar.&nbsp;<\/p>\n                          <p>1 BTC = 100.000.000 SATS<\/p>\n                          <p>\n                            <br>\n                          <\/p>\n                        <\/div>\n                      <\/div>\n                    <\/div>\n                  <\/div>\n                <\/div>\n              <\/div>\n            <\/div>\n          <\/div>\n        <\/div>\n      <\/div>\n    <\/div>\n  <\/div>\n<\/div>\n<\/div>\n<div data-colibri-component=\"section\" data-colibri-id=\"791-c25\" id=\"about-2\" class=\"h-section h-section-global-spacing d-flex align-items-lg-center align-items-md-center align-items-end style-1296 style-local-791-c25 h-overflow-hidden position-relative\">\n  <div class=\"background-wrapper\">\n    <div class=\"background-layer background-layer-media-container-lg\">\n      <!---->\n      <div class=\"overlay-layer\">\n        <div class=\"overlay-image-layer\" style=\"background-image: linear-gradient(90deg, rgba(255, 255, 255, 0.5) 0%, rgb(255, 255, 255) 45%);\"><\/div>\n      <\/div>\n    <\/div>\n    <div class=\"background-layer background-layer-media-container-md\">\n      <!---->\n      <div class=\"overlay-layer\">\n        <div class=\"overlay-image-layer\" style=\"background-image: linear-gradient(90deg, rgba(255, 255, 255, 0.5) 0%, rgb(255, 255, 255) 45%);\"><\/div>\n      <\/div>\n    <\/div>\n    <div class=\"background-layer background-layer-media-container\">\n      <!---->\n    <\/div>\n  <\/div>\n  <!---->\n  <div class=\"h-section-grid-container h-section-boxed-container\">\n    <!---->\n    <div data-colibri-id=\"791-c26\" class=\"h-row-container gutters-row-lg-2 gutters-row-md-2 gutters-row-0 gutters-row-v-lg-2 gutters-row-v-md-2 gutters-row-v-2 style-1304 style-local-791-c26 position-relative\">\n      <!---->\n      <div class=\"h-row justify-content-lg-center justify-content-md-center justify-content-center align-items-lg-stretch align-items-md-stretch align-items-stretch gutters-col-lg-2 gutters-col-md-2 gutters-col-0 gutters-col-v-lg-2 gutters-col-v-md-2 gutters-col-v-2\">\n        <!---->\n        <div class=\"h-column h-column-container d-flex h-col-lg-auto h-col-md-auto h-col-auto style-1305-outer style-local-791-c27-outer\">\n          <div data-colibri-id=\"791-c27\" class=\"d-flex h-flex-basis h-column__inner h-ui-empty-state-container h-px-lg-2 h-px-md-2 h-px-2 v-inner-lg-2 v-inner-md-2 v-inner-2 style-1305 style-local-791-c27 position-relative\">\n            <!---->\n            <!---->\n            <div class=\"w-100 h-y-container h-column__content h-column__v-align flex-basis-100\">\n              <!---->\n            <\/div>\n          <\/div>\n        <\/div>\n        <div class=\"h-column h-column-container d-flex h-col-lg-auto h-col-md-auto h-col-auto style-1306-outer style-local-791-c28-outer\">\n          <div data-colibri-id=\"791-c28\" class=\"d-flex h-flex-basis h-column__inner h-px-lg-2 h-px-md-2 h-px-2 v-inner-lg-2 v-inner-md-2 v-inner-2 style-1306 style-local-791-c28 position-relative\">\n            <!---->\n            <!---->\n            <div class=\"w-100 h-y-container h-column__content h-column__v-align flex-basis-100 align-self-lg-start align-self-md-start align-self-start\">\n              <!---->\n              <div data-colibri-id=\"791-c29\" class=\"h-text h-text-component style-1307 style-local-791-c29 position-relative h-element\">\n                <!---->\n                <!---->\n                <div class=\"\">\n                  <p><em style=\"font-size: 146%; font-weight: 600; font-family: &quot;Open Sans&quot;; color: rgb(0, 10, 13);\"><u>Bitcoin-lightning Zahlung<\/u><\/em><\/p>\n                <\/div>\n              <\/div>\n            <\/div>\n          <\/div>\n        <\/div>\n      <\/div>\n    <\/div>\n    <div data-colibri-id=\"791-c30\" class=\"h-row-container gutters-row-lg-0 gutters-row-md-0 gutters-row-2 gutters-row-v-lg-0 gutters-row-v-md-0 gutters-row-v-0 style-1297 style-local-791-c30 position-relative\">\n      <!---->\n      <div class=\"h-row justify-content-lg-end justify-content-md-end justify-content-center align-items-lg-stretch align-items-md-stretch align-items-stretch gutters-col-lg-0 gutters-col-md-0 gutters-col-2 gutters-col-v-lg-0 gutters-col-v-md-0 gutters-col-v-0\">\n        <!---->\n        <div class=\"h-column h-column-container d-flex h-col-lg-auto h-col-md-auto h-col-auto style-1298-outer style-local-791-c31-outer\">\n          <div data-colibri-id=\"791-c31\" class=\"d-flex h-flex-basis h-column__inner h-px-lg-2 h-px-md-2 h-px-0 v-inner-lg-2 v-inner-md-2 v-inner-0 style-1298 style-local-791-c31 position-relative\">\n            <!---->\n            <!---->\n            <div class=\"w-100 h-y-container h-column__content h-column__v-align flex-basis-100 align-self-lg-end align-self-md-end align-self-end\">\n              <!---->\n              <div data-colibri-id=\"791-c32\" class=\"h-global-transition-all h-heading style-1299 style-local-791-c32 position-relative h-element\">\n                <!---->\n                <div class=\"h-heading__outer style-1299 style-local-791-c32\">\n                  <!---->\n                  <!---->\n                  <h2 class=\"\">Ganz einfach mit&nbsp;<em style=\"color: rgb(244, 186, 3); font-family: &quot;Playfair Display&quot;;\">Bitcoin<\/em>&nbsp;bezahlen.<\/h2>\n                <\/div>\n              <\/div>\n              <div data-colibri-id=\"791-c33\" class=\"h-text h-text-component style-1300 style-local-791-c33 position-relative h-element\">\n                <!---->\n                <!---->\n                <div class=\"\">\n                  <p>In unserem Hofladen k\u00f6nne Sie bequem am Zahlterminal (PoS) bargeldlos mit Bitcoin \u00fcber das <em>LIGHTNING-&nbsp;<\/em>Netzwerk bezahlen.<\/p>\n                  <p>\n                    <br>\n                  <\/p>\n                <\/div>\n              <\/div>\n            <\/div>\n          <\/div>\n        <\/div>\n      <\/div>\n    <\/div>\n  <\/div>\n<\/div>\n<\/div>","protected":false},"excerpt":{"rendered":"<p>Warum BITCOIN? &#8222;Bitcoin ist wie die fr\u00fche Elektrizit\u00e4t. Roh, gef\u00e4hrlich, scheint sehr fl\u00fcchtig und schwer zu verwenden zu sein. Mit der Zeit wird es sich sicherer, einfacher und normaler anf\u00fchlen. Wie Elektrizit\u00e4t wird sie neue, unvorstellbare Industrien inspirieren und antreiben. Und eines Tages werden wir uns fragen, wie wir ohne sie leben konnten.&#8220; Obi-Wan Kenobit [&hellip;]<\/p>\n","protected":false},"author":1,"featured_media":0,"parent":0,"menu_order":0,"comment_status":"closed","ping_status":"closed","template":"page-templates\/full-width-page.php","meta":{"footnotes":""},"class_list":["post-791","page","type-page","status-publish","hentry"],"_links":{"self":[{"href":"https:\/\/www.koelbl.me\/WP\/wp-json\/wp\/v2\/pages\/791","targetHints":{"allow":["GET"]}}],"collection":[{"href":"https:\/\/www.koelbl.me\/WP\/wp-json\/wp\/v2\/pages"}],"about":[{"href":"https:\/\/www.koelbl.me\/WP\/wp-json\/wp\/v2\/types\/page"}],"author":[{"embeddable":true,"href":"https:\/\/www.koelbl.me\/WP\/wp-json\/wp\/v2\/users\/1"}],"replies":[{"embeddable":true,"href":"https:\/\/www.koelbl.me\/WP\/wp-json\/wp\/v2\/comments?post=791"}],"version-history":[{"count":20,"href":"https:\/\/www.koelbl.me\/WP\/wp-json\/wp\/v2\/pages\/791\/revisions"}],"predecessor-version":[{"id":1373,"href":"https:\/\/www.koelbl.me\/WP\/wp-json\/wp\/v2\/pages\/791\/revisions\/1373"}],"wp:attachment":[{"href":"https:\/\/www.koelbl.me\/WP\/wp-json\/wp\/v2\/media?parent=791"}],"curies":[{"name":"wp","href":"https:\/\/api.w.org\/{rel}","templated":true}]}}