{"id":855,"date":"2022-02-12T22:23:03","date_gmt":"2022-02-12T21:23:03","guid":{"rendered":"https:\/\/www.koelbl.me\/WP\/?page_id=855"},"modified":"2022-02-17T20:56:00","modified_gmt":"2022-02-17T19:56:00","slug":"agb","status":"publish","type":"page","link":"https:\/\/www.koelbl.me\/WP\/agb\/","title":{"rendered":"AGB"},"content":{"rendered":"<div data-colibri-id=\"855-c1\" class=\"style-1283 style-local-855-c1 position-relative\">\n  <!---->\n  <div data-colibri-component=\"section\" data-colibri-id=\"855-c2\" id=\"custom\" class=\"h-section h-section-global-spacing d-flex align-items-lg-center align-items-md-center align-items-center style-1287 style-local-855-c2 position-relative\">\n    <!---->\n    <!---->\n    <div class=\"h-section-grid-container h-section-boxed-container\">\n      <!---->\n      <div data-colibri-id=\"855-c3\" class=\"h-row-container gutters-row-lg-2 gutters-row-md-2 gutters-row-0 gutters-row-v-lg-2 gutters-row-v-md-2 gutters-row-v-2 style-1288 style-local-855-c3 position-relative\">\n        <!---->\n        <div class=\"h-row justify-content-lg-center justify-content-md-center justify-content-center align-items-lg-stretch align-items-md-stretch align-items-stretch gutters-col-lg-2 gutters-col-md-2 gutters-col-0 gutters-col-v-lg-2 gutters-col-v-md-2 gutters-col-v-2\">\n          <!---->\n          <div class=\"h-column h-column-container d-flex h-col-lg-auto h-col-md-auto h-col-auto style-1289-outer style-local-855-c4-outer\">\n            <div data-colibri-id=\"855-c4\" class=\"d-flex h-flex-basis h-column__inner h-px-lg-2 h-px-md-2 h-px-2 v-inner-lg-2 v-inner-md-2 v-inner-2 style-1289 style-local-855-c4 position-relative\">\n              <!---->\n              <!---->\n              <div class=\"w-100 h-y-container h-column__content h-column__v-align flex-basis-100 align-self-lg-start align-self-md-start align-self-start\">\n                <!---->\n                <div data-colibri-id=\"855-c5\" class=\"h-text h-text-component style-1290 style-local-855-c5 position-relative h-element\">\n                  <!---->\n                  <!---->\n                  <div class=\"\">\n                    <p><strong>Allgemeine Gesch\u00e4ftsbedingungen von&nbsp;\u201eK\u00f6lbl &#8211; Frisch vom Bauernhof\u201c \u2014&nbsp;Werner K\u00f6lbl:<\/strong><\/p>\n                    <p><strong>\u00a7 1 Geltungsbereich<\/strong><\/p>\n                    <p><strong> <\/strong>(1) Diese Allgemeinen Gesch\u00e4ftsbedingungen (AGB) gelten f\u00fcr Vertr\u00e4ge zwischen dem Inhaber von \u201eK\u00f6lbl &#8211; Frisch vom Bauernhof\u201c &#8211; Werner K\u00f6lbl &#8211; nachfolgend \u201eFrisch vom Bauernhof\u201c genannt und dem Kunden \u00fcber den Bezug,\n                      der im Rahmen der Direktvermarktung angebotenen Produkte des Bauernhofes.<\/p>\n                    <p>(2) Der Kunde erkl\u00e4rt sich durch die widerspruchslose Entgegennahme dieser Bedingungen mit deren ausschlie\u00dflicher Geltung f\u00fcr das Vertragsverh\u00e4ltnis einverstanden.<\/p>\n                    <p><strong>\u00a7 2 Vertragsabschluss<\/strong><\/p>\n                    <p><strong> <\/strong>Der Vertrag kommt durch die Annahme der direkten Kundenbestellung oder durch Einkauf im Hofladen von \u201eFrisch vom Bauernhof\u201c zustande.<\/p>\n                    <p>Die Annahme durch \u201eFrisch vom Bauernhof\u201c erfolgt mit Zugang eines Best\u00e4tigungsschreibens beim Kunden oder mit der Auslieferung der bestellten Produkte. Im letztgenannten Fall verzichtet der Kunde auf eine gesonderte Annahmeerkl\u00e4rung.<\/p>\n                    <p><strong>\u00a7 3 Lieferbarkeit\/Verf\u00fcgbarkeit<\/strong><\/p>\n                    <p><strong> <\/strong>Die Lieferung erfolgt nur, solange der Vorrat reicht. \u201eFrisch vom Bauernhof&#8220; ist nicht zur Lieferung verpflichtet. Ist ein Produkt nicht verf\u00fcgbar, wird&nbsp;&#8222;Frisch vom Bauernhof&#8220; von seiner Lieferverpflichtung entsch\u00e4digungslos\n                      frei.<\/p>\n                    <p><strong>\u00a7 4 Lieferung<\/strong><\/p>\n                    <p><strong> <\/strong>(1) Liefertermine oder Lieferfristen sind unverbindlich, sofern nicht ausdr\u00fccklich etwas anderes vereinbart ist.<\/p>\n                    <p>(2) Die Lieferung ist auf das aktuelle Liefergebiet beschr\u00e4nkt, das auf der Homepage ersichtlich ist, bzw. telefonisch nachgefragt werden kann.<\/p>\n                    <p><strong style=\"font-size: 16px; font-family: &quot;Open Sans&quot;; color: rgb(70, 112, 127);\">\u00a7 5 Kaufpreis\/Eigentumsvorbehalt<\/strong><\/p>\n                    <p>(1) Der Kunde hat f\u00fcr die Produkte den Kaufpreis zu bezahlen, der der aktuellen Preisliste auf der Internetseite des &#8222;Frisch vom Bauernhof&#8220; zu entnehmen ist.<\/p>\n                    <p>(2) Die Rechnungsstellung erfolgt im Nachhinein. Der Kunde kann jedoch bar nach Erhalt der Produkte oder per \u00dcberweisung bezahlen.<\/p>\n                    <p>(3) &#8222;Frisch vom Bauernhof&#8220; beh\u00e4lt sich das Eigentum an allen von ihm an den Kunden ausgelieferten Produkten bis zur endg\u00fcltigen und vollst\u00e4ndigen Bezahlung der ausgelieferten Produkte vor.<\/p>\n                    <p><strong>\u00a7 6 Bestellung<\/strong><\/p>\n                    <p><strong> <\/strong>(1) Der Kunde kann per Telefon, per Mail oder per Internet in unserem Onlineshop unsere Produkte bestellen.<\/p>\n                    <p><strong>\u00a7 7 Haftung<\/strong><\/p>\n                    <p><strong> <\/strong>(1) Bei den verkauften Produkten handelt es sich um Naturprodukte und diese unterliegen deshalb nat\u00fcrlichen Schwankungen in der Beschaffenheit.<\/p>\n                    <p>Die Produkte sind beim Kunden k\u00fchl, dunkel und trocken zu lagern.<\/p>\n                    <p>(2) Ausschluss der Schadensersatzhaftung:<\/p>\n                    <p>Die Haftung von &#8222;Frisch vom Bauernhof&#8220; auf Schadensersatz neben der Leistung oder statt der Leistung ist unabh\u00e4ngig vom Rechtsgrund ausgeschlossen, dies gilt nicht bei K\u00f6rpersch\u00e4den, sowie f\u00fcr Sch\u00e4den bei grobem Verschulden des Verk\u00e4ufers.<\/p>\n                    <p><strong>\u00a7 8 Datenschutzerkl\u00e4rung<\/strong><\/p>\n                    <p><strong> <\/strong>Dem Kunden ist bekannt und er willigt darin ein, dass seine f\u00fcr die Auftrags- und Bestellabwicklung notwendigen pers\u00f6nlichen Daten auf Datentr\u00e4gern gespeichert werden. Er stimmt der Erhebung, Verarbeitung und Nutzung\n                      seiner personenbezogenen Daten ausdr\u00fccklich zu. Diese Daten werden von &#8222;Frisch vom Bauernhof&#8220; gesch\u00fctzt. Der Kunde hat das Recht auf unentgeltliche Auskunft \u00fcber die beim &#8222;Frisch vom Bauernhof&#8220; gespeicherten Daten, sowie jederzeit\n                      das Recht auf Berichtigung, L\u00f6schung und Sperrung dieser personenbezogenen Daten. Auf Wunsch des Bestellers werden die pers\u00f6nlichen Kundenstammdaten sofort berichtigt, gesperrt oder gel\u00f6scht. Eine L\u00f6schung kommt jedoch erst in Betracht,\n                      wenn der Bestellvorgang vollst\u00e4ndig abgewickelt ist. Die L\u00f6schung erfolgt unter Ber\u00fccksichtigung der Einschr\u00e4nkungen durch das Finanzamt.<\/p>\n                    <p>\n                      <br>\n                    <\/p>\n                  <\/div>\n                <\/div>\n              <\/div>\n            <\/div>\n          <\/div>\n        <\/div>\n      <\/div>\n    <\/div>\n  <\/div>\n<\/div>","protected":false},"excerpt":{"rendered":"<p>Allgemeine Gesch\u00e4ftsbedingungen von&nbsp;\u201eK\u00f6lbl &#8211; Frisch vom Bauernhof\u201c \u2014&nbsp;Werner K\u00f6lbl: \u00a7 1 Geltungsbereich (1) Diese Allgemeinen Gesch\u00e4ftsbedingungen (AGB) gelten f\u00fcr Vertr\u00e4ge zwischen dem Inhaber von \u201eK\u00f6lbl &#8211; Frisch vom Bauernhof\u201c &#8211; Werner K\u00f6lbl &#8211; nachfolgend \u201eFrisch vom Bauernhof\u201c genannt und dem Kunden \u00fcber den Bezug, der im Rahmen der Direktvermarktung angebotenen Produkte des Bauernhofes. (2) Der [&hellip;]<\/p>\n","protected":false},"author":1,"featured_media":0,"parent":0,"menu_order":0,"comment_status":"closed","ping_status":"closed","template":"page-templates\/full-width-page.php","meta":{"footnotes":""},"class_list":["post-855","page","type-page","status-publish","hentry"],"_links":{"self":[{"href":"https:\/\/www.koelbl.me\/WP\/wp-json\/wp\/v2\/pages\/855","targetHints":{"allow":["GET"]}}],"collection":[{"href":"https:\/\/www.koelbl.me\/WP\/wp-json\/wp\/v2\/pages"}],"about":[{"href":"https:\/\/www.koelbl.me\/WP\/wp-json\/wp\/v2\/types\/page"}],"author":[{"embeddable":true,"href":"https:\/\/www.koelbl.me\/WP\/wp-json\/wp\/v2\/users\/1"}],"replies":[{"embeddable":true,"href":"https:\/\/www.koelbl.me\/WP\/wp-json\/wp\/v2\/comments?post=855"}],"version-history":[{"count":2,"href":"https:\/\/www.koelbl.me\/WP\/wp-json\/wp\/v2\/pages\/855\/revisions"}],"predecessor-version":[{"id":923,"href":"https:\/\/www.koelbl.me\/WP\/wp-json\/wp\/v2\/pages\/855\/revisions\/923"}],"wp:attachment":[{"href":"https:\/\/www.koelbl.me\/WP\/wp-json\/wp\/v2\/media?parent=855"}],"curies":[{"name":"wp","href":"https:\/\/api.w.org\/{rel}","templated":true}]}}